{"id":9,"date":"2020-10-27T05:02:39","date_gmt":"2020-10-27T05:02:39","guid":{"rendered":"http:\/\/seodo.themezinho.net\/?page_id=9"},"modified":"2026-01-29T10:48:10","modified_gmt":"2026-01-29T09:48:10","slug":"what-we-offer","status":"publish","type":"page","link":"https:\/\/www.lycee-sud-perigord.fr\/2023\/","title":{"rendered":"Home"},"content":{"rendered":"<section class=\"wpb-content-wrapper\"><p>[vc_row motts_theme_padding=\u00a0\u00bbno\u00a0\u00bb css=\u00a0\u00bb.vc_custom_1603778328251{margin-right: 0px !important;margin-left: 0px !important;}\u00a0\u00bb][vc_column css=\u00a0\u00bb.vc_custom_1603778320534{padding-right: 0px !important;padding-left: 0px !important;}\u00a0\u00bb][ts_hero_slider hero_slider=\u00a0\u00bb47&Prime;][\/vc_column][\/vc_row][vc_row section_background_color=\u00a0\u00bb#fbf7f4&Prime; css=\u00a0\u00bb.vc_custom_1603784410116{margin-right: 0px !important;margin-left: 0px !important;}\u00a0\u00bb][vc_column css=\u00a0\u00bb.vc_custom_1603784416352{padding-right: 0px !important;padding-left: 0px !important;}\u00a0\u00bb][vc_row_inner wrap_container=\u00a0\u00bbyes\u00a0\u00bb][vc_column_inner][ts_section_title shape=\u00a0\u00bb\u00a0\u00bb tagline=\u00a0\u00bbLyc\u00e9e des m\u00e9tiers Sud-P\u00e9rigord\u00a0\u00bb title=\u00a0\u00bbNos formations\u00a0\u00bb][\/vc_column_inner][\/vc_row_inner][ts_carousel_image_content_box details=\u00a0\u00bb%5B%7B%22image%22%3A%2213643%22%2C%22title%22%3A%22M%C3%A9tiers%20de%20l&rsquo;Electricit%C3%A9%22%2C%22url%22%3A%22https%3A%2F%2Fwww.lycee-sud-perigord.fr%2F2023%2Fformations%2Ffiliere-electrotechnique%2F%22%2C%22description%22%3A%22Le%20technicien%20intervenant%20dans%20les%20m%C3%A9tiers%20de%20l&rsquo;%C3%A9lectricit%C3%A9%20peut%20exercer%20ses%20comp%C3%A9tences%20dans%20les%20domaines%20de%20l&rsquo;habitat%2C%20du%20tertiaire%20ou%20de%20l&rsquo;indutrie.%20Il%20contribue%20%C3%A0%20la%20performance%20des%20installations%20en%20int%C3%A9grant%20la%20r%C3%A9glementation%20environnementale%20et%20de%20s%C3%A9curit%C3%A9.%20%20Il%20travaille%20souvent%20en%20%C3%A9quipe%20et%20au%20contact%20de%20la%20cli%C3%A9nt%C3%A8le.%22%7D%2C%7B%22image%22%3A%2213645%22%2C%22title%22%3A%22Maintenance%20des%20Mat%C3%A9riels%22%2C%22url%22%3A%22https%3A%2F%2Fwww.lycee-sud-perigord.fr%2F2023%2Fformations%2Ffiliere-maintenance-des-materiels%2F%22%2C%22description%22%3A%22Les%20jeunes%20form%C3%A9s%20sur%20ces%20domaines%20interviendront%20sur%20des%20mat%C3%A9riels%20agricoles%20ou%20d&rsquo;entretien%20des%20espaces%20verts.%20Ils%20exerceront%2C%20selon%20leurs%20niveaux%20de%20formation%20et%20comp%C3%A9tences%2C%20des%20activit%C3%A9s%20de%20m%C3%A9caniciens%2C%20techniciens%20ou%20responsable%20d&rsquo;atelier.%20Certains%20pourront%20%C3%A9galement%20s&rsquo;orienter%20vers%20la%20r%C3%A9ception%20ou%20la%20vente%20de%20mat%C3%A9riels.%22%7D%2C%7B%22image%22%3A%2213647%22%2C%22title%22%3A%22Proc%C3%A9d%C3%A9s%20de%20la%20Chimie%22%2C%22url%22%3A%22https%3A%2F%2Fwww.lycee-sud-perigord.fr%2F2023%2Fformations%2Ffiliere-procedes-de-la-chimie%2F%22%2C%22description%22%3A%22L&rsquo;op%C3%A9rateur%20de%20fabrication%20intervient%20sur%20les%20installations%20de%20production%20de%20la%20chimie%2C%20l&rsquo;agro-alimentaire%2C%20le%20papier%2C%20la%20pharmaceutique%2C%20la%20cosm%C3%A9tique%2C%20le%20traitement%20des%20d%C3%A9chets%2C%20l&rsquo;%C3%A9nerg%C3%A9tique.%20Il%20pr%C3%A9pare%20la%20machine%20au%20processus%2C%20r%C3%A8gle%2C%20alimente%20%2C%20surveille%2C%20contr%C3%B4le%20la%20qualit%C3%A9%20et%20r%C3%A9alise%20les%20pr%C3%A9l%C3%A8vements%20et%20les%20analyses%20des%20produits.%22%7D%2C%7B%22image%22%3A%2213649%22%2C%22title%22%3A%22Chaudronnerie%20Industrielle%22%2C%22url%22%3A%22https%3A%2F%2Fwww.lycee-sud-perigord.fr%2F2023%2Fformations%2Ffiliere-chaudronnerie%2F%22%2C%22description%22%3A%22Le%20chaudronnier%20est%20le%20sp%C3%A9cialiste%20du%20travail%20des%20m%C3%A9taux%2C%20il%20intervient%20en%20production%20en%20atelier%20mais%20aussi%20en%20chantier.%20Il%20utilise%20des%20machines%20conventionnelles%20et%20%C3%A0%20commande%20num%C3%A9rique%20et%20r%C3%A9alise%20les%20d%C3%A9bits%20et%20d%C3%A9coupes%20des%20t%C3%B4les%20et%20tubes%2C%20le%20formage%20et%20l&rsquo;assemblage.%20%20A%20l&rsquo;issue%20de%20sa%20formation%20il%20pourra%20intervenir%20autant%20chez%20des%20artisans%20et%20PME%20que%20dans%20de%20grandes%20entreprises%20du%20domaine%20de%20la%20construction%20navale%2C%20a%C3%A9ronautique%2C%20nucl%C3%A9aire%2C%20%C3%A9nerg%C3%A9tique%20ou%20encore%20en%20maintenance%20industrielle.%22%7D%5D\u00a0\u00bb][\/vc_column][\/vc_row][vc_row use_container=\u00a0\u00bbyes\u00a0\u00bb][vc_column][ts_section_title shape=\u00a0\u00bb\u00a0\u00bb tagline=\u00a0\u00bbQuoi de neuf ?\u00a0\u00bb title=\u00a0\u00bbLes actus du lyc\u00e9e\u00a0\u00bb][ts_recent_news][ts_side_content display_button=\u00a0\u00bbshow\u00a0\u00bb button_label=\u00a0\u00bbToutes les actus\u00a0\u00bb button_url=\u00a0\u00bbhttps:\/\/www.lycee-sud-perigord.fr\/2023\/news\/\u00a0\u00bb][\/ts_side_content][\/vc_column][\/vc_row][vc_row equal_height=\u00a0\u00bbyes\u00a0\u00bb][vc_column][ts_section_title title=\u00a0\u00bbNos \u00e9v\u00e9nements\u00a0\u00bb][ts_carousel_image_content_box details=\u00a0\u00bb%5B%7B%22image%22%3A%2214526%22%2C%22title%22%3A%22PORTES%20OUVERTES%20LE%20SAMEDI%207%20MARS%20DE%208H30%20A%2013H%22%2C%22url%22%3A%22https%3A%2F%2Fwww.lycee-sud-perigord.fr%2F2023%2Fwork%2Fjournee-portes-ouvertes-le-samedi-15-fevrier%2F%22%7D%2C%7B%22image%22%3A%2213868%22%2C%22title%22%3A%22C%C3%A9r%C3%A9monie%20de%20remise%20des%20dipl%C3%B4mes%20le%20vendredi%2028%20novembre%20%C3%A0%2016h%22%2C%22url%22%3A%22https%3A%2F%2Fwww.lycee-sud-perigord.fr%2F2023%2Fwork%2Fceremonie-de-remise-des-diplomes-le-vendredi-6-decembre-a-16h%2F%22%7D%2C%7B%22image%22%3A%2214495%22%2C%22title%22%3A%22PARCOURSUP%202026%22%2C%22url%22%3A%22https%3A%2F%2Fwww.lycee-sud-perigord.fr%2F2023%2Fwork%2Fparcoursup-2025%2F%22%7D%2C%7B%22image%22%3A%2214471%22%2C%22title%22%3A%22Rentr%C3%A9e%202025%22%2C%22url%22%3A%22https%3A%2F%2Fwww.lycee-sud-perigord.fr%2F2023%2Fwork%2Frentree-2024%2F%22%7D%2C%7B%22image%22%3A%2213659%22%2C%22title%22%3A%22Inscriptions%22%2C%22url%22%3A%22https%3A%2F%2Fwww.lycee-sud-perigord.fr%2F2023%2Fwork%2Finscriptions-rentree-2024%2F%22%7D%2C%7B%22image%22%3A%2214256%22%2C%22title%22%3A%222%C3%A8me%20journ%C3%A9e%20de%20la%20chimie%22%2C%22url%22%3A%22https%3A%2F%2Fwww.lycee-sud-perigord.fr%2F2023%2Fwork%2F2eme-journee-de-la-chimie%2F%22%7D%2C%7B%7D%5D\u00a0\u00bb][\/vc_column][\/vc_row][vc_row use_container=\u00a0\u00bbyes\u00a0\u00bb][vc_column][vc_row_inner][vc_column_inner][ts_section_title shape=\u00a0\u00bb\u00a0\u00bb title=\u00a0\u00bbNos partenaires\u00a0\u00bb][\/vc_column_inner][\/vc_row_inner][vc_row_inner][vc_column_inner width=\u00a0\u00bb1\/3&Prime;][ts_logo_item image=\u00a0\u00bb14276&Prime; alt_tag=\u00a0\u00bbImage\u00a0\u00bb][ts_logo_item image=\u00a0\u00bb13619&Prime; alt_tag=\u00a0\u00bbImage\u00a0\u00bb][\/vc_column_inner][vc_column_inner width=\u00a0\u00bb1\/4&Prime;][ts_logo_item image=\u00a0\u00bb13620&Prime; alt_tag=\u00a0\u00bbImage\u00a0\u00bb][ts_logo_item image=\u00a0\u00bb13617&Prime; alt_tag=\u00a0\u00bbImage\u00a0\u00bb][\/vc_column_inner][vc_column_inner width=\u00a0\u00bb1\/3&Prime;][ts_logo_item image=\u00a0\u00bb14032&Prime;][ts_logo_item image=\u00a0\u00bb13618&Prime; alt_tag=\u00a0\u00bbImage\u00a0\u00bb][\/vc_column_inner][\/vc_row_inner][\/vc_column][\/vc_row]<\/p>\n<\/section>","protected":false},"excerpt":{"rendered":"<p>[vc_row motts_theme_padding=\u00a0\u00bbno\u00a0\u00bb css=\u00a0\u00bb.vc_custom_1603778328251{margin-right: 0px !important;margin-left: 0px !important;}\u00a0\u00bb][vc_column css=\u00a0\u00bb.vc_custom_1603778320534{padding-right: 0px !important;padding-left: 0px !important;}\u00a0\u00bb][ts_hero_slider hero_slider=\u00a0\u00bb47&Prime;][\/vc_column][\/vc_row][vc_row section_background_color=\u00a0\u00bb#fbf7f4&Prime; css=\u00a0\u00bb.vc_custom_1603784410116{margin-right: 0px !important;margin-left: 0px !important;}\u00a0\u00bb][vc_column css=\u00a0\u00bb.vc_custom_1603784416352{padding-right: 0px !important;padding-left: 0px !important;}\u00a0\u00bb][vc_row_inner wrap_container=\u00a0\u00bbyes\u00a0\u00bb][vc_column_inner][ts_section_title shape=\u00a0\u00bb\u00a0\u00bb tagline=\u00a0\u00bbLyc\u00e9e des m\u00e9tiers Sud-P\u00e9rigord\u00a0\u00bb title=\u00a0\u00bbNos formations\u00a0\u00bb][\/vc_column_inner][\/vc_row_inner][ts_carousel_image_content_box details=\u00a0\u00bb%5B%7B%22image%22%3A%2213643%22%2C%22title%22%3A%22M%C3%A9tiers%20de%20l&rsquo;Electricit%C3%A9%22%2C%22url%22%3A%22https%3A%2F%2Fwww.lycee-sud-perigord.fr%2F2023%2Fformations%2Ffiliere-electrotechnique%2F%22%2C%22description%22%3A%22Le%20technicien%20intervenant%20dans%20les%20m%C3%A9tiers%20de%20l&rsquo;%C3%A9lectricit%C3%A9%20peut%20exercer%20ses%20comp%C3%A9tences%20dans%20les%20domaines%20de%20l&rsquo;habitat%2C%20du%20tertiaire%20ou%20de%20l&rsquo;indutrie.%20Il%20contribue%20%C3%A0%20la%20performance%20des%20installations%20en%20int%C3%A9grant%20la%20r%C3%A9glementation%20environnementale%20et%20de%20s%C3%A9curit%C3%A9.%20%20Il%20travaille%20souvent%20en%20%C3%A9quipe%20et%20au%20contact%20de%20la%20cli%C3%A9nt%C3%A8le.%22%7D%2C%7B%22image%22%3A%2213645%22%2C%22title%22%3A%22Maintenance%20des%20Mat%C3%A9riels%22%2C%22url%22%3A%22https%3A%2F%2Fwww.lycee-sud-perigord.fr%2F2023%2Fformations%2Ffiliere-maintenance-des-materiels%2F%22%2C%22description%22%3A%22Les%20jeunes%20form%C3%A9s%20sur%20ces%20domaines%20interviendront%20sur%20des%20mat%C3%A9riels%20agricoles%20ou%20d&rsquo;entretien%20des%20espaces%20verts.%20Ils%20exerceront%2C%20selon%20leurs%20niveaux%20de%20formation%20et%20comp%C3%A9tences%2C%20des%20activit%C3%A9s%20de%20m%C3%A9caniciens%2C%20techniciens%20ou%20responsable%20d&rsquo;atelier.%20Certains%20pourront%20%C3%A9galement%20s&rsquo;orienter%20vers%20la%20r%C3%A9ception%20ou%20la%20vente%20de%20mat%C3%A9riels.%22%7D%2C%7B%22image%22%3A%2213647%22%2C%22title%22%3A%22Proc%C3%A9d%C3%A9s%20de%20la%20Chimie%22%2C%22url%22%3A%22https%3A%2F%2Fwww.lycee-sud-perigord.fr%2F2023%2Fformations%2Ffiliere-procedes-de-la-chimie%2F%22%2C%22description%22%3A%22L&rsquo;op%C3%A9rateur%20de%20fabrication%20intervient%20sur%20les%20installations%20de%20production%20de%20la%20chimie%2C%20l&rsquo;agro-alimentaire%2C%20le%20papier%2C%20la%20pharmaceutique%2C%20la%20cosm%C3%A9tique%2C%20le%20traitement%20des%20d%C3%A9chets%2C%20l&rsquo;%C3%A9nerg%C3%A9tique.%20Il%20pr%C3%A9pare%20la%20machine%20au%20processus%2C%20r%C3%A8gle%2C%20alimente%20%2C%20surveille%2C%20contr%C3%B4le%20la%20qualit%C3%A9%20et%20r%C3%A9alise%20les%20pr%C3%A9l%C3%A8vements%20et%20les%20analyses%20des%20produits.%22%7D%2C%7B%22image%22%3A%2213649%22%2C%22title%22%3A%22Chaudronnerie%20Industrielle%22%2C%22url%22%3A%22https%3A%2F%2Fwww.lycee-sud-perigord.fr%2F2023%2Fformations%2Ffiliere-chaudronnerie%2F%22%2C%22description%22%3A%22Le%20chaudronnier%20est%20le%20sp%C3%A9cialiste%20du%20travail%20des%20m%C3%A9taux%2C%20il%20intervient%20en%20production%20en%20atelier%20mais%20aussi%20en%20chantier.%20Il%20utilise%20des%20machines%20conventionnelles%20et%20%C3%A0%20commande%20num%C3%A9rique%20et%20r%C3%A9alise%20les%20d%C3%A9bits%20et%20d%C3%A9coupes%20des%20t%C3%B4les%20et%20tubes%2C%20le%20formage%20et%20l&rsquo;assemblage.%20%20A%20l&rsquo;issue%20de%20sa%20formation%20il%20pourra%20intervenir%20autant%20chez%20des%20artisans%20et%20PME%20que%20dans%20de%20grandes%20entreprises%20du%20domaine%20de%20la%20construction%20navale%2C%20a%C3%A9ronautique%2C%20nucl%C3%A9aire%2C%20%C3%A9nerg%C3%A9tique%20ou%20encore%20en%20maintenance%20industrielle.%22%7D%5D\u00a0\u00bb][\/vc_column][\/vc_row][vc_row use_container=\u00a0\u00bbyes\u00a0\u00bb][vc_column][ts_section_title shape=\u00a0\u00bb\u00a0\u00bb tagline=\u00a0\u00bbQuoi de neuf ?\u00a0\u00bb title=\u00a0\u00bbLes actus du lyc\u00e9e\u00a0\u00bb][ts_recent_news][ts_side_content display_button=\u00a0\u00bbshow\u00a0\u00bb button_label=\u00a0\u00bbToutes les actus\u00a0\u00bb button_url=\u00a0\u00bbhttps:\/\/www.lycee-sud-perigord.fr\/2023\/news\/\u00a0\u00bb][\/ts_side_content][\/vc_column][\/vc_row][vc_row equal_height=\u00a0\u00bbyes\u00a0\u00bb][vc_column][ts_section_title title=\u00a0\u00bbNos \u00e9v\u00e9nements\u00a0\u00bb][ts_carousel_image_content_box details=\u00a0\u00bb%5B%7B%22image%22%3A%2214526%22%2C%22title%22%3A%22PORTES%20OUVERTES%20LE%20SAMEDI%207%20MARS%20DE%208H30%20A%2013H%22%2C%22url%22%3A%22https%3A%2F%2Fwww.lycee-sud-perigord.fr%2F2023%2Fwork%2Fjournee-portes-ouvertes-le-samedi-15-fevrier%2F%22%7D%2C%7B%22image%22%3A%2213868%22%2C%22title%22%3A%22C%C3%A9r%C3%A9monie%20de%20remise%20des%20dipl%C3%B4mes%20le%20vendredi%2028%20novembre%20%C3%A0%2016h%22%2C%22url%22%3A%22https%3A%2F%2Fwww.lycee-sud-perigord.fr%2F2023%2Fwork%2Fceremonie-de-remise-des-diplomes-le-vendredi-6-decembre-a-16h%2F%22%7D%2C%7B%22image%22%3A%2214495%22%2C%22title%22%3A%22PARCOURSUP%202026%22%2C%22url%22%3A%22https%3A%2F%2Fwww.lycee-sud-perigord.fr%2F2023%2Fwork%2Fparcoursup-2025%2F%22%7D%2C%7B%22image%22%3A%2214471%22%2C%22title%22%3A%22Rentr%C3%A9e%202025%22%2C%22url%22%3A%22https%3A%2F%2Fwww.lycee-sud-perigord.fr%2F2023%2Fwork%2Frentree-2024%2F%22%7D%2C%7B%22image%22%3A%2213659%22%2C%22title%22%3A%22Inscriptions%22%2C%22url%22%3A%22https%3A%2F%2Fwww.lycee-sud-perigord.fr%2F2023%2Fwork%2Finscriptions-rentree-2024%2F%22%7D%2C%7B%22image%22%3A%2214256%22%2C%22title%22%3A%222%C3%A8me%20journ%C3%A9e%20de%20la%20chimie%22%2C%22url%22%3A%22https%3A%2F%2Fwww.lycee-sud-perigord.fr%2F2023%2Fwork%2F2eme-journee-de-la-chimie%2F%22%7D%2C%7B%7D%5D\u00a0\u00bb][\/vc_column][\/vc_row][vc_row use_container=\u00a0\u00bbyes\u00a0\u00bb][vc_column][vc_row_inner][vc_column_inner][ts_section_title shape=\u00a0\u00bb\u00a0\u00bb title=\u00a0\u00bbNos [&hellip;]<\/p>\n","protected":false},"author":1,"featured_media":0,"parent":0,"menu_order":0,"comment_status":"closed","ping_status":"closed","template":"page-builder.php","meta":{"_monsterinsights_skip_tracking":false,"_monsterinsights_sitenote_active":false,"_monsterinsights_sitenote_note":"","_monsterinsights_sitenote_category":0,"footnotes":""},"class_list":["post-9","page","type-page","status-publish","hentry"],"aioseo_notices":[],"_links":{"self":[{"href":"https:\/\/www.lycee-sud-perigord.fr\/2023\/wp-json\/wp\/v2\/pages\/9","targetHints":{"allow":["GET"]}}],"collection":[{"href":"https:\/\/www.lycee-sud-perigord.fr\/2023\/wp-json\/wp\/v2\/pages"}],"about":[{"href":"https:\/\/www.lycee-sud-perigord.fr\/2023\/wp-json\/wp\/v2\/types\/page"}],"author":[{"embeddable":true,"href":"https:\/\/www.lycee-sud-perigord.fr\/2023\/wp-json\/wp\/v2\/users\/1"}],"replies":[{"embeddable":true,"href":"https:\/\/www.lycee-sud-perigord.fr\/2023\/wp-json\/wp\/v2\/comments?post=9"}],"version-history":[{"count":132,"href":"https:\/\/www.lycee-sud-perigord.fr\/2023\/wp-json\/wp\/v2\/pages\/9\/revisions"}],"predecessor-version":[{"id":14527,"href":"https:\/\/www.lycee-sud-perigord.fr\/2023\/wp-json\/wp\/v2\/pages\/9\/revisions\/14527"}],"wp:attachment":[{"href":"https:\/\/www.lycee-sud-perigord.fr\/2023\/wp-json\/wp\/v2\/media?parent=9"}],"curies":[{"name":"wp","href":"https:\/\/api.w.org\/{rel}","templated":true}]}}