{"id":1279,"date":"2017-08-29T15:23:32","date_gmt":"2017-08-29T13:23:32","guid":{"rendered":"http:\/\/www.lycee-sud-perigord.fr\/?page_id=1279"},"modified":"2017-08-29T15:23:32","modified_gmt":"2017-08-29T13:23:32","slug":"contrat-dobjectifs","status":"publish","type":"page","link":"https:\/\/www.lycee-sud-perigord.fr\/2023\/etablissement\/contrat-dobjectifs\/","title":{"rendered":"Contrat d&rsquo;objectifs"},"content":{"rendered":"<h2><\/h2>\n<h2 style=\"text-align: center;\"><strong>Objectif 1 &#8211; Favoriser la pers\u00e9v\u00e9rance scolaire<br \/>\n<\/strong><\/h2>\n<h2 style=\"text-align: center;\"><\/h2>\n<p>&nbsp;<\/p>\n<h2 style=\"text-align: center;\">Objectif 2 &#8211; Am\u00e9liorer et\/ou stabiliser les r\u00e9sultats aux examens<\/h2>\n<h2 style=\"text-align: center;\"><\/h2>\n<p>&nbsp;<\/p>\n<h2 style=\"text-align: center;\">Objectif 3 &#8211; Accompagner les \u00e9l\u00e8ves vers la poursuite d&rsquo;\u00e9tudes<\/h2>\n<p>&nbsp;<\/p>\n<p>&nbsp;<\/p>\n<p>&nbsp;<\/p>\n","protected":false},"excerpt":{"rendered":"<p>Objectif 1 &#8211; Favoriser la pers\u00e9v\u00e9rance scolaire &nbsp; Objectif 2 &#8211; Am\u00e9liorer et\/ou stabiliser les r\u00e9sultats aux examens &nbsp; Objectif 3 &#8211; Accompagner les \u00e9l\u00e8ves vers la poursuite d&rsquo;\u00e9tudes &nbsp; &nbsp; &nbsp;<\/p>\n","protected":false},"author":1,"featured_media":0,"parent":1024,"menu_order":0,"comment_status":"closed","ping_status":"closed","template":"","meta":{"_monsterinsights_skip_tracking":false,"_monsterinsights_sitenote_active":false,"_monsterinsights_sitenote_note":"","_monsterinsights_sitenote_category":0,"footnotes":""},"class_list":["post-1279","page","type-page","status-publish","hentry"],"aioseo_notices":[],"_links":{"self":[{"href":"https:\/\/www.lycee-sud-perigord.fr\/2023\/wp-json\/wp\/v2\/pages\/1279","targetHints":{"allow":["GET"]}}],"collection":[{"href":"https:\/\/www.lycee-sud-perigord.fr\/2023\/wp-json\/wp\/v2\/pages"}],"about":[{"href":"https:\/\/www.lycee-sud-perigord.fr\/2023\/wp-json\/wp\/v2\/types\/page"}],"author":[{"embeddable":true,"href":"https:\/\/www.lycee-sud-perigord.fr\/2023\/wp-json\/wp\/v2\/users\/1"}],"replies":[{"embeddable":true,"href":"https:\/\/www.lycee-sud-perigord.fr\/2023\/wp-json\/wp\/v2\/comments?post=1279"}],"version-history":[{"count":0,"href":"https:\/\/www.lycee-sud-perigord.fr\/2023\/wp-json\/wp\/v2\/pages\/1279\/revisions"}],"up":[{"embeddable":true,"href":"https:\/\/www.lycee-sud-perigord.fr\/2023\/wp-json\/wp\/v2\/pages\/1024"}],"wp:attachment":[{"href":"https:\/\/www.lycee-sud-perigord.fr\/2023\/wp-json\/wp\/v2\/media?parent=1279"}],"curies":[{"name":"wp","href":"https:\/\/api.w.org\/{rel}","templated":true}]}}