{"id":1066,"date":"2017-03-26T19:55:38","date_gmt":"2017-03-26T17:55:38","guid":{"rendered":"http:\/\/www.lycee-sud-perigord.fr\/?page_id=1066"},"modified":"2025-06-26T14:33:38","modified_gmt":"2025-06-26T12:33:38","slug":"pfmp","status":"publish","type":"page","link":"https:\/\/www.lycee-sud-perigord.fr\/2023\/formations\/pfmp\/","title":{"rendered":"P\u00e9riodes de Formation en Milieu Professionnel"},"content":{"rendered":"<p>Les P\u00e9riodes de Formation en Milieu Professionnel sont compl\u00e9mentaire avec la formation au lyc\u00e9e dans l\u2019acquisition des comp\u00e9tences relatives \u00e0 chaque dipl\u00f4me.<\/p>\n<p>Elles sont obligatoires pour la validation de l\u2019examen\u00a0:<\/p>\n<ul>\n<li>20 semaines \u00e0 r\u00e9aliser au cours des 3 ann\u00e9es de Bac Pro<\/li>\n<li>12 semaines \u00e0 r\u00e9aliser au cours des 2 ann\u00e9es de CAP<\/li>\n<li>8 semaines \u00e0 r\u00e9aliser en fin de premi\u00e8re ann\u00e9e de BTS<\/li>\n<\/ul>\n<p>Le jeune qui d\u00e9cide de choisir une formation de la voie professionnelle devra au cours de son cursus r\u00e9aliser des P\u00e9riodes de Formation en Milieu Professionnel.<\/p>\n<p>Ces PFMP font partie int\u00e9grante du programme et sont indispensables \u00e0 l\u2019acquisition des comp\u00e9tences professionnelles.<\/p>\n<p><strong>La r\u00e9alisation de la totalit\u00e9 des semaines de PFMP est obligatoire<\/strong> pour la validation du dipl\u00f4me pr\u00e9par\u00e9, \u00e0 d\u00e9faut le candidat sera recal\u00e9 \u00e0 l\u2019examen.<\/p>\n<p>La recherche du lieu de stage doit \u00eatre men\u00e9e le plus t\u00f4t possible par la famille.<\/p>\n<p>Une convention pass\u00e9e entre l\u2019entreprise, la famille et le lyc\u00e9e r\u00e9gie les conditions r\u00e9glementaires de r\u00e9alisation de la PFMP.<\/p>\n<p>Durant la p\u00e9riode en entreprise le stagiaire est soumis au r\u00e8glement int\u00e9rieur de celle-ci (horaires, s\u00e9curit\u00e9, assiduit\u00e9\u2026).<\/p>\n<p>Tout retard ou absence doit \u00eatre signal\u00e9 et justifi\u00e9 \u00e0 l\u2019entreprise et au lyc\u00e9e.<\/p>\n<p>Un livret de suivi accompagne le stagiaire et le tuteur en entreprise, il est indispensable \u00e0 l\u2019\u00e9valuation.<\/p>\n<h2 style=\"text-align: center;\"><a href=\"https:\/\/www.lycee-sud-perigord.fr\/2023\/wp-content\/uploads\/2025\/06\/PFMP-2025-2026.pdf\">PFMP 2025-2026<\/a><\/h2>\n\n\n<p><\/p>\n","protected":false},"excerpt":{"rendered":"<p>Les P\u00e9riodes de Formation en Milieu Professionnel sont compl\u00e9mentaire avec la formation au lyc\u00e9e dans l\u2019acquisition des comp\u00e9tences relatives \u00e0 chaque dipl\u00f4me. Elles sont obligatoires pour la validation de l\u2019examen\u00a0: 20 semaines \u00e0 r\u00e9aliser au cours des 3 ann\u00e9es de Bac Pro 12 semaines \u00e0 r\u00e9aliser au cours des 2 ann\u00e9es de CAP 8 semaines [&hellip;]<\/p>\n","protected":false},"author":1,"featured_media":0,"parent":1050,"menu_order":0,"comment_status":"closed","ping_status":"closed","template":"","meta":{"_monsterinsights_skip_tracking":false,"_monsterinsights_sitenote_active":false,"_monsterinsights_sitenote_note":"","_monsterinsights_sitenote_category":0,"footnotes":""},"class_list":["post-1066","page","type-page","status-publish","hentry"],"aioseo_notices":[],"_links":{"self":[{"href":"https:\/\/www.lycee-sud-perigord.fr\/2023\/wp-json\/wp\/v2\/pages\/1066","targetHints":{"allow":["GET"]}}],"collection":[{"href":"https:\/\/www.lycee-sud-perigord.fr\/2023\/wp-json\/wp\/v2\/pages"}],"about":[{"href":"https:\/\/www.lycee-sud-perigord.fr\/2023\/wp-json\/wp\/v2\/types\/page"}],"author":[{"embeddable":true,"href":"https:\/\/www.lycee-sud-perigord.fr\/2023\/wp-json\/wp\/v2\/users\/1"}],"replies":[{"embeddable":true,"href":"https:\/\/www.lycee-sud-perigord.fr\/2023\/wp-json\/wp\/v2\/comments?post=1066"}],"version-history":[{"count":5,"href":"https:\/\/www.lycee-sud-perigord.fr\/2023\/wp-json\/wp\/v2\/pages\/1066\/revisions"}],"predecessor-version":[{"id":14453,"href":"https:\/\/www.lycee-sud-perigord.fr\/2023\/wp-json\/wp\/v2\/pages\/1066\/revisions\/14453"}],"up":[{"embeddable":true,"href":"https:\/\/www.lycee-sud-perigord.fr\/2023\/wp-json\/wp\/v2\/pages\/1050"}],"wp:attachment":[{"href":"https:\/\/www.lycee-sud-perigord.fr\/2023\/wp-json\/wp\/v2\/media?parent=1066"}],"curies":[{"name":"wp","href":"https:\/\/api.w.org\/{rel}","templated":true}]}}