{"id":1058,"date":"2017-03-26T19:53:59","date_gmt":"2017-03-26T17:53:59","guid":{"rendered":"http:\/\/www.lycee-sud-perigord.fr\/?page_id=1058"},"modified":"2026-01-14T13:12:43","modified_gmt":"2026-01-14T12:12:43","slug":"filiere-electrotechnique","status":"publish","type":"page","link":"https:\/\/www.lycee-sud-perigord.fr\/2023\/formations\/filiere-electrotechnique\/","title":{"rendered":"Fili\u00e8re \u00e9lectrotechnique"},"content":{"rendered":"\n<h2 class=\"wp-block-heading has-text-align-center\"><strong>&nbsp;<a href=\"https:\/\/www.youtube.com\/watch?v=flBCugGyKvo\" target=\"_blank\" rel=\"noreferrer noopener\">D\u00e9couvrez la formation MELEC en vid\u00e9o ICI<\/a><\/strong><\/h2>\n\n\n\n<p><\/p>\n\n\n\n<p><\/p>\n\n\n\n<figure class=\"wp-block-gallery has-nested-images columns-default is-cropped wp-block-gallery-1 is-layout-flex wp-block-gallery-is-layout-flex\">\n<figure data-wp-context=\"{&quot;imageId&quot;:&quot;6a071337e6816&quot;}\" data-wp-interactive=\"core\/image\" data-wp-key=\"6a071337e6816\" class=\"wp-block-image size-medium wp-lightbox-container\"><img loading=\"lazy\" decoding=\"async\" width=\"225\" height=\"300\" data-wp-class--hide=\"state.isContentHidden\" data-wp-class--show=\"state.isContentVisible\" data-wp-init=\"callbacks.setButtonStyles\" data-wp-on--click=\"actions.showLightbox\" data-wp-on--load=\"callbacks.setButtonStyles\" data-wp-on-window--resize=\"callbacks.setButtonStyles\" data-id=\"13943\" src=\"https:\/\/www.lycee-sud-perigord.fr\/2023\/wp-content\/uploads\/2024\/02\/Installation-domotique-225x300.jpg\" alt=\"\" class=\"wp-image-13943\" srcset=\"https:\/\/www.lycee-sud-perigord.fr\/2023\/wp-content\/uploads\/2024\/02\/Installation-domotique-225x300.jpg 225w, https:\/\/www.lycee-sud-perigord.fr\/2023\/wp-content\/uploads\/2024\/02\/Installation-domotique-768x1024.jpg 768w, https:\/\/www.lycee-sud-perigord.fr\/2023\/wp-content\/uploads\/2024\/02\/Installation-domotique-1152x1536.jpg 1152w, https:\/\/www.lycee-sud-perigord.fr\/2023\/wp-content\/uploads\/2024\/02\/Installation-domotique-1536x2048.jpg 1536w, https:\/\/www.lycee-sud-perigord.fr\/2023\/wp-content\/uploads\/2024\/02\/Installation-domotique-scaled.jpg 1920w\" sizes=\"auto, (max-width: 225px) 100vw, 225px\" \/><button\n\t\t\tclass=\"lightbox-trigger\"\n\t\t\ttype=\"button\"\n\t\t\taria-haspopup=\"dialog\"\n\t\t\taria-label=\"Agrandir\"\n\t\t\tdata-wp-init=\"callbacks.initTriggerButton\"\n\t\t\tdata-wp-on--click=\"actions.showLightbox\"\n\t\t\tdata-wp-style--right=\"state.imageButtonRight\"\n\t\t\tdata-wp-style--top=\"state.imageButtonTop\"\n\t\t>\n\t\t\t<svg xmlns=\"http:\/\/www.w3.org\/2000\/svg\" width=\"12\" height=\"12\" fill=\"none\" viewBox=\"0 0 12 12\">\n\t\t\t\t<path fill=\"#fff\" d=\"M2 0a2 2 0 0 0-2 2v2h1.5V2a.5.5 0 0 1 .5-.5h2V0H2Zm2 10.5H2a.5.5 0 0 1-.5-.5V8H0v2a2 2 0 0 0 2 2h2v-1.5ZM8 12v-1.5h2a.5.5 0 0 0 .5-.5V8H12v2a2 2 0 0 1-2 2H8Zm2-12a2 2 0 0 1 2 2v2h-1.5V2a.5.5 0 0 0-.5-.5H8V0h2Z\" \/>\n\t\t\t<\/svg>\n\t\t<\/button><\/figure>\n\n\n\n<figure data-wp-context=\"{&quot;imageId&quot;:&quot;6a071337e5338&quot;}\" data-wp-interactive=\"core\/image\" data-wp-key=\"6a071337e5338\" class=\"wp-block-image size-medium wp-lightbox-container\"><img loading=\"lazy\" decoding=\"async\" width=\"300\" height=\"225\" data-wp-class--hide=\"state.isContentHidden\" data-wp-class--show=\"state.isContentVisible\" data-wp-init=\"callbacks.setButtonStyles\" data-wp-on--click=\"actions.showLightbox\" data-wp-on--load=\"callbacks.setButtonStyles\" data-wp-on-window--resize=\"callbacks.setButtonStyles\" data-id=\"13945\" src=\"https:\/\/www.lycee-sud-perigord.fr\/2023\/wp-content\/uploads\/2024\/02\/Installation-tertiaire-incendie-300x225.jpg\" alt=\"\" class=\"wp-image-13945\" srcset=\"https:\/\/www.lycee-sud-perigord.fr\/2023\/wp-content\/uploads\/2024\/02\/Installation-tertiaire-incendie-300x225.jpg 300w, https:\/\/www.lycee-sud-perigord.fr\/2023\/wp-content\/uploads\/2024\/02\/Installation-tertiaire-incendie-1024x768.jpg 1024w, https:\/\/www.lycee-sud-perigord.fr\/2023\/wp-content\/uploads\/2024\/02\/Installation-tertiaire-incendie-768x576.jpg 768w, https:\/\/www.lycee-sud-perigord.fr\/2023\/wp-content\/uploads\/2024\/02\/Installation-tertiaire-incendie-1536x1152.jpg 1536w, https:\/\/www.lycee-sud-perigord.fr\/2023\/wp-content\/uploads\/2024\/02\/Installation-tertiaire-incendie-2048x1535.jpg 2048w\" sizes=\"auto, (max-width: 300px) 100vw, 300px\" \/><button\n\t\t\tclass=\"lightbox-trigger\"\n\t\t\ttype=\"button\"\n\t\t\taria-haspopup=\"dialog\"\n\t\t\taria-label=\"Agrandir\"\n\t\t\tdata-wp-init=\"callbacks.initTriggerButton\"\n\t\t\tdata-wp-on--click=\"actions.showLightbox\"\n\t\t\tdata-wp-style--right=\"state.imageButtonRight\"\n\t\t\tdata-wp-style--top=\"state.imageButtonTop\"\n\t\t>\n\t\t\t<svg xmlns=\"http:\/\/www.w3.org\/2000\/svg\" width=\"12\" height=\"12\" fill=\"none\" viewBox=\"0 0 12 12\">\n\t\t\t\t<path fill=\"#fff\" d=\"M2 0a2 2 0 0 0-2 2v2h1.5V2a.5.5 0 0 1 .5-.5h2V0H2Zm2 10.5H2a.5.5 0 0 1-.5-.5V8H0v2a2 2 0 0 0 2 2h2v-1.5ZM8 12v-1.5h2a.5.5 0 0 0 .5-.5V8H12v2a2 2 0 0 1-2 2H8Zm2-12a2 2 0 0 1 2 2v2h-1.5V2a.5.5 0 0 0-.5-.5H8V0h2Z\" \/>\n\t\t\t<\/svg>\n\t\t<\/button><\/figure>\n\n\n\n<figure data-wp-context=\"{&quot;imageId&quot;:&quot;6a071337e81d6&quot;}\" data-wp-interactive=\"core\/image\" data-wp-key=\"6a071337e81d6\" class=\"wp-block-image size-medium wp-lightbox-container\"><img loading=\"lazy\" decoding=\"async\" width=\"300\" height=\"247\" data-wp-class--hide=\"state.isContentHidden\" data-wp-class--show=\"state.isContentVisible\" data-wp-init=\"callbacks.setButtonStyles\" data-wp-on--click=\"actions.showLightbox\" data-wp-on--load=\"callbacks.setButtonStyles\" data-wp-on-window--resize=\"callbacks.setButtonStyles\" data-id=\"13940\" src=\"https:\/\/www.lycee-sud-perigord.fr\/2023\/wp-content\/uploads\/2024\/02\/20240201_231628-300x247.jpg\" alt=\"\" class=\"wp-image-13940\" srcset=\"https:\/\/www.lycee-sud-perigord.fr\/2023\/wp-content\/uploads\/2024\/02\/20240201_231628-300x247.jpg 300w, https:\/\/www.lycee-sud-perigord.fr\/2023\/wp-content\/uploads\/2024\/02\/20240201_231628-1024x843.jpg 1024w, https:\/\/www.lycee-sud-perigord.fr\/2023\/wp-content\/uploads\/2024\/02\/20240201_231628-768x632.jpg 768w, https:\/\/www.lycee-sud-perigord.fr\/2023\/wp-content\/uploads\/2024\/02\/20240201_231628-1536x1264.jpg 1536w, https:\/\/www.lycee-sud-perigord.fr\/2023\/wp-content\/uploads\/2024\/02\/20240201_231628-2048x1685.jpg 2048w\" sizes=\"auto, (max-width: 300px) 100vw, 300px\" \/><button\n\t\t\tclass=\"lightbox-trigger\"\n\t\t\ttype=\"button\"\n\t\t\taria-haspopup=\"dialog\"\n\t\t\taria-label=\"Agrandir\"\n\t\t\tdata-wp-init=\"callbacks.initTriggerButton\"\n\t\t\tdata-wp-on--click=\"actions.showLightbox\"\n\t\t\tdata-wp-style--right=\"state.imageButtonRight\"\n\t\t\tdata-wp-style--top=\"state.imageButtonTop\"\n\t\t>\n\t\t\t<svg xmlns=\"http:\/\/www.w3.org\/2000\/svg\" width=\"12\" height=\"12\" fill=\"none\" viewBox=\"0 0 12 12\">\n\t\t\t\t<path fill=\"#fff\" d=\"M2 0a2 2 0 0 0-2 2v2h1.5V2a.5.5 0 0 1 .5-.5h2V0H2Zm2 10.5H2a.5.5 0 0 1-.5-.5V8H0v2a2 2 0 0 0 2 2h2v-1.5ZM8 12v-1.5h2a.5.5 0 0 0 .5-.5V8H12v2a2 2 0 0 1-2 2H8Zm2-12a2 2 0 0 1 2 2v2h-1.5V2a.5.5 0 0 0-.5-.5H8V0h2Z\" \/>\n\t\t\t<\/svg>\n\t\t<\/button><\/figure>\n\n\n\n<figure data-wp-context=\"{&quot;imageId&quot;:&quot;6a071337e7226&quot;}\" data-wp-interactive=\"core\/image\" data-wp-key=\"6a071337e7226\" class=\"wp-block-image size-medium wp-lightbox-container\"><img loading=\"lazy\" decoding=\"async\" width=\"300\" height=\"225\" data-wp-class--hide=\"state.isContentHidden\" data-wp-class--show=\"state.isContentVisible\" data-wp-init=\"callbacks.setButtonStyles\" data-wp-on--click=\"actions.showLightbox\" data-wp-on--load=\"callbacks.setButtonStyles\" data-wp-on-window--resize=\"callbacks.setButtonStyles\" data-id=\"13942\" src=\"https:\/\/www.lycee-sud-perigord.fr\/2023\/wp-content\/uploads\/2024\/02\/Cablage-habitat-300x225.jpg\" alt=\"\" class=\"wp-image-13942\" srcset=\"https:\/\/www.lycee-sud-perigord.fr\/2023\/wp-content\/uploads\/2024\/02\/Cablage-habitat-300x225.jpg 300w, https:\/\/www.lycee-sud-perigord.fr\/2023\/wp-content\/uploads\/2024\/02\/Cablage-habitat-1024x768.jpg 1024w, https:\/\/www.lycee-sud-perigord.fr\/2023\/wp-content\/uploads\/2024\/02\/Cablage-habitat-768x576.jpg 768w, https:\/\/www.lycee-sud-perigord.fr\/2023\/wp-content\/uploads\/2024\/02\/Cablage-habitat-1536x1152.jpg 1536w, https:\/\/www.lycee-sud-perigord.fr\/2023\/wp-content\/uploads\/2024\/02\/Cablage-habitat-2048x1536.jpg 2048w\" sizes=\"auto, (max-width: 300px) 100vw, 300px\" \/><button\n\t\t\tclass=\"lightbox-trigger\"\n\t\t\ttype=\"button\"\n\t\t\taria-haspopup=\"dialog\"\n\t\t\taria-label=\"Agrandir\"\n\t\t\tdata-wp-init=\"callbacks.initTriggerButton\"\n\t\t\tdata-wp-on--click=\"actions.showLightbox\"\n\t\t\tdata-wp-style--right=\"state.imageButtonRight\"\n\t\t\tdata-wp-style--top=\"state.imageButtonTop\"\n\t\t>\n\t\t\t<svg xmlns=\"http:\/\/www.w3.org\/2000\/svg\" width=\"12\" height=\"12\" fill=\"none\" viewBox=\"0 0 12 12\">\n\t\t\t\t<path fill=\"#fff\" d=\"M2 0a2 2 0 0 0-2 2v2h1.5V2a.5.5 0 0 1 .5-.5h2V0H2Zm2 10.5H2a.5.5 0 0 1-.5-.5V8H0v2a2 2 0 0 0 2 2h2v-1.5ZM8 12v-1.5h2a.5.5 0 0 0 .5-.5V8H12v2a2 2 0 0 1-2 2H8Zm2-12a2 2 0 0 1 2 2v2h-1.5V2a.5.5 0 0 0-.5-.5H8V0h2Z\" \/>\n\t\t\t<\/svg>\n\t\t<\/button><\/figure>\n\n\n\n<figure data-wp-context=\"{&quot;imageId&quot;:&quot;6a071337e8c35&quot;}\" data-wp-interactive=\"core\/image\" data-wp-key=\"6a071337e8c35\" class=\"wp-block-image size-medium wp-lightbox-container\"><img loading=\"lazy\" decoding=\"async\" width=\"225\" height=\"300\" data-wp-class--hide=\"state.isContentHidden\" data-wp-class--show=\"state.isContentVisible\" data-wp-init=\"callbacks.setButtonStyles\" data-wp-on--click=\"actions.showLightbox\" data-wp-on--load=\"callbacks.setButtonStyles\" data-wp-on-window--resize=\"callbacks.setButtonStyles\" data-id=\"13939\" src=\"https:\/\/www.lycee-sud-perigord.fr\/2023\/wp-content\/uploads\/2024\/02\/20240201_113749-225x300.jpg\" alt=\"\" class=\"wp-image-13939\" srcset=\"https:\/\/www.lycee-sud-perigord.fr\/2023\/wp-content\/uploads\/2024\/02\/20240201_113749-225x300.jpg 225w, https:\/\/www.lycee-sud-perigord.fr\/2023\/wp-content\/uploads\/2024\/02\/20240201_113749-768x1024.jpg 768w, https:\/\/www.lycee-sud-perigord.fr\/2023\/wp-content\/uploads\/2024\/02\/20240201_113749-1152x1536.jpg 1152w, https:\/\/www.lycee-sud-perigord.fr\/2023\/wp-content\/uploads\/2024\/02\/20240201_113749-rotated.jpg 1512w\" sizes=\"auto, (max-width: 225px) 100vw, 225px\" \/><button\n\t\t\tclass=\"lightbox-trigger\"\n\t\t\ttype=\"button\"\n\t\t\taria-haspopup=\"dialog\"\n\t\t\taria-label=\"Agrandir\"\n\t\t\tdata-wp-init=\"callbacks.initTriggerButton\"\n\t\t\tdata-wp-on--click=\"actions.showLightbox\"\n\t\t\tdata-wp-style--right=\"state.imageButtonRight\"\n\t\t\tdata-wp-style--top=\"state.imageButtonTop\"\n\t\t>\n\t\t\t<svg xmlns=\"http:\/\/www.w3.org\/2000\/svg\" width=\"12\" height=\"12\" fill=\"none\" viewBox=\"0 0 12 12\">\n\t\t\t\t<path fill=\"#fff\" d=\"M2 0a2 2 0 0 0-2 2v2h1.5V2a.5.5 0 0 1 .5-.5h2V0H2Zm2 10.5H2a.5.5 0 0 1-.5-.5V8H0v2a2 2 0 0 0 2 2h2v-1.5ZM8 12v-1.5h2a.5.5 0 0 0 .5-.5V8H12v2a2 2 0 0 1-2 2H8Zm2-12a2 2 0 0 1 2 2v2h-1.5V2a.5.5 0 0 0-.5-.5H8V0h2Z\" \/>\n\t\t\t<\/svg>\n\t\t<\/button><\/figure>\n\n\n\n<figure data-wp-context=\"{&quot;imageId&quot;:&quot;6a071337e5dea&quot;}\" data-wp-interactive=\"core\/image\" data-wp-key=\"6a071337e5dea\" class=\"wp-block-image size-medium wp-lightbox-container\"><img loading=\"lazy\" decoding=\"async\" width=\"225\" height=\"300\" data-wp-class--hide=\"state.isContentHidden\" data-wp-class--show=\"state.isContentVisible\" data-wp-init=\"callbacks.setButtonStyles\" data-wp-on--click=\"actions.showLightbox\" data-wp-on--load=\"callbacks.setButtonStyles\" data-wp-on-window--resize=\"callbacks.setButtonStyles\" data-id=\"13944\" src=\"https:\/\/www.lycee-sud-perigord.fr\/2023\/wp-content\/uploads\/2024\/02\/Installation-habitat-225x300.jpg\" alt=\"\" class=\"wp-image-13944\" srcset=\"https:\/\/www.lycee-sud-perigord.fr\/2023\/wp-content\/uploads\/2024\/02\/Installation-habitat-225x300.jpg 225w, https:\/\/www.lycee-sud-perigord.fr\/2023\/wp-content\/uploads\/2024\/02\/Installation-habitat-768x1024.jpg 768w, https:\/\/www.lycee-sud-perigord.fr\/2023\/wp-content\/uploads\/2024\/02\/Installation-habitat-1152x1536.jpg 1152w, https:\/\/www.lycee-sud-perigord.fr\/2023\/wp-content\/uploads\/2024\/02\/Installation-habitat-1536x2048.jpg 1536w, https:\/\/www.lycee-sud-perigord.fr\/2023\/wp-content\/uploads\/2024\/02\/Installation-habitat-scaled.jpg 1920w\" sizes=\"auto, (max-width: 225px) 100vw, 225px\" \/><button\n\t\t\tclass=\"lightbox-trigger\"\n\t\t\ttype=\"button\"\n\t\t\taria-haspopup=\"dialog\"\n\t\t\taria-label=\"Agrandir\"\n\t\t\tdata-wp-init=\"callbacks.initTriggerButton\"\n\t\t\tdata-wp-on--click=\"actions.showLightbox\"\n\t\t\tdata-wp-style--right=\"state.imageButtonRight\"\n\t\t\tdata-wp-style--top=\"state.imageButtonTop\"\n\t\t>\n\t\t\t<svg xmlns=\"http:\/\/www.w3.org\/2000\/svg\" width=\"12\" height=\"12\" fill=\"none\" viewBox=\"0 0 12 12\">\n\t\t\t\t<path fill=\"#fff\" d=\"M2 0a2 2 0 0 0-2 2v2h1.5V2a.5.5 0 0 1 .5-.5h2V0H2Zm2 10.5H2a.5.5 0 0 1-.5-.5V8H0v2a2 2 0 0 0 2 2h2v-1.5ZM8 12v-1.5h2a.5.5 0 0 0 .5-.5V8H12v2a2 2 0 0 1-2 2H8Zm2-12a2 2 0 0 1 2 2v2h-1.5V2a.5.5 0 0 0-.5-.5H8V0h2Z\" \/>\n\t\t\t<\/svg>\n\t\t<\/button><\/figure>\n<\/figure>\n\n\n<p>Le titulaire de ce dipl\u00f4me contribue \u00e0 la performance \u00e9nerg\u00e9tique des b\u00e2timents et des installations. Il s&rsquo;adapte \u00e0 l&rsquo;\u00e9volution des techniques, des technologies, des m\u00e9thodes et des mat\u00e9riels.<\/p>\n<p>Il participe \u00e0 l&rsquo;analyse des risques professionnels, de mise en \u0153uvre. Il respecte et fait respecter les exigences de sant\u00e9 et de s\u00e9curit\u00e9 au travail. Il respecte et met en oeuvre les r\u00e9glementations environnementales. Il propose des solutions techniques minimisant l&rsquo;impact sur l&rsquo;environnement. Il contribue \u00e0 la mise en oeuvre de la d\u00e9marche qualit\u00e9 de l&rsquo;entreprise.<\/p>\n<p>Il appr\u00e9hende la composante \u00e9conomique de ses travaux. Il communique (y compris en langue \u00e9trang\u00e8re) avec son environnement professionnel (client, hi\u00e9rarchie, \u00e9quipe, autres intervenants &#8230;). Il appr\u00e9hende l&rsquo;entreprise et son environnement. Il coordonne, apr\u00e8s exp\u00e9rience, une activit\u00e9 en \u00e9quipe.<\/p>\n<p>Les activit\u00e9s professionnelles (pr\u00e9paration des op\u00e9rations avant la r\u00e9alisation, la mise en service, la maintenance) peuvent s&rsquo;exercer dans les secteurs : des r\u00e9seaux ; des infrastructures ; des quartiers, des zones d&rsquo;activit\u00e9 ; des b\u00e2timents (r\u00e9sidentiel, tertiaire et industriel) ; de l&rsquo;industrie ; des syst\u00e8mes \u00e9nerg\u00e9tiques autonomes et embarqu\u00e9s.<\/p>\n<ul>\n<li>\n<h3><strong>Baccalaur\u00e9at Professionnel \u00a0M\u00e9tiers de l\u2019Electricit\u00e9 et de ses Environnements Connect\u00e9s : <a href=\"https:\/\/www.lycee-sud-perigord.fr\/2023\/wp-content\/uploads\/2024\/12\/MELEC.pdf\">Bac Pro MELEC<\/a><\/strong><\/h3>\n<\/li>\n<\/ul>\n<p><a href=\"https:\/\/www.onisep.fr\/ressources\/univers-formation\/Formations\/Lycees\/bac-pro-metiers-de-l-electricite-et-de-ses-environnements-connectes\"><strong><span style=\"color: #00ff00;\">https:\/\/www.onisep.fr\/ressources\/univers-formation\/Formations\/Lycees\/bac-pro-metiers-de-l-electricite-et-de-ses-environnements-connectes<\/span><\/strong><\/a><\/p>\n<p><span style=\"color: #3366ff;\"><strong>Partenariat avec\u00a0 \u00a0 \u00a0 A\u00e9rocampus\u00a0 \u00a0 \u00a0 pour la pr\u00e9paration du label a\u00e9ronautique: propos\u00e9 \u00e0 des \u00e9l\u00e8ves qui ne sont pas dans des formations a\u00e9ronautiques mais dans des formations connexes et qui souhaitent travailler dans la fili\u00e8re a\u00e9ronautique et spatiale.<br \/><span style=\"color: #3366ff;\">Ce label a\u00e9ronautique,<\/span> reconnu par les acteurs de la profession, est remis \u00e0 l&rsquo;issue de modules de formations compl\u00e9mentaires a\u00e9ronautiques r\u00e9alis\u00e9s durant le cycle de Bac Pro.<\/strong><\/span><\/p>\n<h4>Pour en savoir plus, vous pouvez consulter:<\/h4>\n<ul>\n<li>le site des <a href=\"https:\/\/www.metiers-electricite.com\/\" target=\"_blank\" rel=\"noopener noreferrer\">m\u00e9tiers de l\u2019\u00e9lectricit\u00e9<\/a><\/li>\n<li>le <a href=\"http:\/\/www.ffie.fr\/accueil\/\" target=\"_blank\" rel=\"noopener noreferrer\">site FFIE <\/a>: F\u00e9d\u00e9ration Fran\u00e7aise des Entreprises de G\u00e9nie Electrique et Energ\u00e9tique<\/li>\n<\/ul>","protected":false},"excerpt":{"rendered":"<p>&nbsp;D\u00e9couvrez la formation MELEC en vid\u00e9o ICI Le titulaire de ce dipl\u00f4me contribue \u00e0 la performance \u00e9nerg\u00e9tique des b\u00e2timents et des installations. Il s&rsquo;adapte \u00e0 l&rsquo;\u00e9volution des techniques, des technologies, des m\u00e9thodes et des mat\u00e9riels. Il participe \u00e0 l&rsquo;analyse des risques professionnels, de mise en \u0153uvre. Il respecte et fait respecter les exigences de sant\u00e9 [&hellip;]<\/p>\n","protected":false},"author":1,"featured_media":0,"parent":1050,"menu_order":0,"comment_status":"closed","ping_status":"closed","template":"","meta":{"_monsterinsights_skip_tracking":false,"_monsterinsights_sitenote_active":false,"_monsterinsights_sitenote_note":"","_monsterinsights_sitenote_category":0,"footnotes":""},"class_list":["post-1058","page","type-page","status-publish","hentry"],"aioseo_notices":[],"_links":{"self":[{"href":"https:\/\/www.lycee-sud-perigord.fr\/2023\/wp-json\/wp\/v2\/pages\/1058","targetHints":{"allow":["GET"]}}],"collection":[{"href":"https:\/\/www.lycee-sud-perigord.fr\/2023\/wp-json\/wp\/v2\/pages"}],"about":[{"href":"https:\/\/www.lycee-sud-perigord.fr\/2023\/wp-json\/wp\/v2\/types\/page"}],"author":[{"embeddable":true,"href":"https:\/\/www.lycee-sud-perigord.fr\/2023\/wp-json\/wp\/v2\/users\/1"}],"replies":[{"embeddable":true,"href":"https:\/\/www.lycee-sud-perigord.fr\/2023\/wp-json\/wp\/v2\/comments?post=1058"}],"version-history":[{"count":10,"href":"https:\/\/www.lycee-sud-perigord.fr\/2023\/wp-json\/wp\/v2\/pages\/1058\/revisions"}],"predecessor-version":[{"id":14523,"href":"https:\/\/www.lycee-sud-perigord.fr\/2023\/wp-json\/wp\/v2\/pages\/1058\/revisions\/14523"}],"up":[{"embeddable":true,"href":"https:\/\/www.lycee-sud-perigord.fr\/2023\/wp-json\/wp\/v2\/pages\/1050"}],"wp:attachment":[{"href":"https:\/\/www.lycee-sud-perigord.fr\/2023\/wp-json\/wp\/v2\/media?parent=1058"}],"curies":[{"name":"wp","href":"https:\/\/api.w.org\/{rel}","templated":true}]}}