{"id":1056,"date":"2017-03-26T19:53:20","date_gmt":"2017-03-26T17:53:20","guid":{"rendered":"http:\/\/www.lycee-sud-perigord.fr\/?page_id=1056"},"modified":"2024-12-16T12:59:22","modified_gmt":"2024-12-16T11:59:22","slug":"filiere-procedes-de-la-chimie","status":"publish","type":"page","link":"https:\/\/www.lycee-sud-perigord.fr\/2023\/formations\/filiere-procedes-de-la-chimie\/","title":{"rendered":"Fili\u00e8re proc\u00e9d\u00e9s de la chimie"},"content":{"rendered":"\n<h2 class=\"wp-block-heading has-text-align-center\"><a href=\"https:\/\/www.youtube.com\/watch?v=b22JH_zc0xk\" target=\"_blank\" rel=\"noopener\" title=\"\">\u00a0D\u00e9couvrez la formation PCEPC en vid\u00e9o ICI<\/a><\/h2>\n\n\n\n<p><\/p>\n\n\n<div id='gallery-1' class='gallery galleryid-1056 gallery-columns-4 gallery-size-medium'><figure class='gallery-item'>\n\t\t\t<div class='gallery-icon portrait'>\n\t\t\t\t<a href='https:\/\/www.lycee-sud-perigord.fr\/2023\/wp-content\/uploads\/2024\/12\/Production-4-scaled.jpg'><img loading=\"lazy\" decoding=\"async\" width=\"169\" height=\"300\" src=\"https:\/\/www.lycee-sud-perigord.fr\/2023\/wp-content\/uploads\/2024\/12\/Production-4-169x300.jpg\" class=\"attachment-medium size-medium\" alt=\"\" srcset=\"https:\/\/www.lycee-sud-perigord.fr\/2023\/wp-content\/uploads\/2024\/12\/Production-4-169x300.jpg 169w, https:\/\/www.lycee-sud-perigord.fr\/2023\/wp-content\/uploads\/2024\/12\/Production-4-576x1024.jpg 576w, https:\/\/www.lycee-sud-perigord.fr\/2023\/wp-content\/uploads\/2024\/12\/Production-4-768x1365.jpg 768w, https:\/\/www.lycee-sud-perigord.fr\/2023\/wp-content\/uploads\/2024\/12\/Production-4-864x1536.jpg 864w, https:\/\/www.lycee-sud-perigord.fr\/2023\/wp-content\/uploads\/2024\/12\/Production-4-1152x2048.jpg 1152w, https:\/\/www.lycee-sud-perigord.fr\/2023\/wp-content\/uploads\/2024\/12\/Production-4-scaled.jpg 1440w\" sizes=\"auto, (max-width: 169px) 100vw, 169px\" \/><\/a>\n\t\t\t<\/div><\/figure><figure class='gallery-item'>\n\t\t\t<div class='gallery-icon landscape'>\n\t\t\t\t<a href='https:\/\/www.lycee-sud-perigord.fr\/2023\/wp-content\/uploads\/2024\/12\/Controles-et-analyses-7-scaled.jpg'><img loading=\"lazy\" decoding=\"async\" width=\"300\" height=\"225\" src=\"https:\/\/www.lycee-sud-perigord.fr\/2023\/wp-content\/uploads\/2024\/12\/Controles-et-analyses-7-300x225.jpg\" class=\"attachment-medium size-medium\" alt=\"\" srcset=\"https:\/\/www.lycee-sud-perigord.fr\/2023\/wp-content\/uploads\/2024\/12\/Controles-et-analyses-7-300x225.jpg 300w, https:\/\/www.lycee-sud-perigord.fr\/2023\/wp-content\/uploads\/2024\/12\/Controles-et-analyses-7-1024x768.jpg 1024w, https:\/\/www.lycee-sud-perigord.fr\/2023\/wp-content\/uploads\/2024\/12\/Controles-et-analyses-7-768x576.jpg 768w, https:\/\/www.lycee-sud-perigord.fr\/2023\/wp-content\/uploads\/2024\/12\/Controles-et-analyses-7-1536x1152.jpg 1536w, https:\/\/www.lycee-sud-perigord.fr\/2023\/wp-content\/uploads\/2024\/12\/Controles-et-analyses-7-2048x1536.jpg 2048w\" sizes=\"auto, (max-width: 300px) 100vw, 300px\" \/><\/a>\n\t\t\t<\/div><\/figure><figure class='gallery-item'>\n\t\t\t<div class='gallery-icon landscape'>\n\t\t\t\t<a href='https:\/\/www.lycee-sud-perigord.fr\/2023\/wp-content\/uploads\/2024\/12\/Traitements-des-eaux-2-scaled.jpg'><img loading=\"lazy\" decoding=\"async\" width=\"300\" height=\"200\" src=\"https:\/\/www.lycee-sud-perigord.fr\/2023\/wp-content\/uploads\/2024\/12\/Traitements-des-eaux-2-300x200.jpg\" class=\"attachment-medium size-medium\" alt=\"\" srcset=\"https:\/\/www.lycee-sud-perigord.fr\/2023\/wp-content\/uploads\/2024\/12\/Traitements-des-eaux-2-300x200.jpg 300w, https:\/\/www.lycee-sud-perigord.fr\/2023\/wp-content\/uploads\/2024\/12\/Traitements-des-eaux-2-1024x682.jpg 1024w, https:\/\/www.lycee-sud-perigord.fr\/2023\/wp-content\/uploads\/2024\/12\/Traitements-des-eaux-2-768x512.jpg 768w, https:\/\/www.lycee-sud-perigord.fr\/2023\/wp-content\/uploads\/2024\/12\/Traitements-des-eaux-2-1536x1023.jpg 1536w, https:\/\/www.lycee-sud-perigord.fr\/2023\/wp-content\/uploads\/2024\/12\/Traitements-des-eaux-2-2048x1364.jpg 2048w\" sizes=\"auto, (max-width: 300px) 100vw, 300px\" \/><\/a>\n\t\t\t<\/div><\/figure><figure class='gallery-item'>\n\t\t\t<div class='gallery-icon landscape'>\n\t\t\t\t<a href='https:\/\/www.lycee-sud-perigord.fr\/2023\/wp-content\/uploads\/2024\/12\/Controles-et-analyses-4-scaled.jpg'><img loading=\"lazy\" decoding=\"async\" width=\"300\" height=\"200\" src=\"https:\/\/www.lycee-sud-perigord.fr\/2023\/wp-content\/uploads\/2024\/12\/Controles-et-analyses-4-300x200.jpg\" class=\"attachment-medium size-medium\" alt=\"\" srcset=\"https:\/\/www.lycee-sud-perigord.fr\/2023\/wp-content\/uploads\/2024\/12\/Controles-et-analyses-4-300x200.jpg 300w, https:\/\/www.lycee-sud-perigord.fr\/2023\/wp-content\/uploads\/2024\/12\/Controles-et-analyses-4-1024x682.jpg 1024w, https:\/\/www.lycee-sud-perigord.fr\/2023\/wp-content\/uploads\/2024\/12\/Controles-et-analyses-4-768x512.jpg 768w, https:\/\/www.lycee-sud-perigord.fr\/2023\/wp-content\/uploads\/2024\/12\/Controles-et-analyses-4-1536x1023.jpg 1536w, https:\/\/www.lycee-sud-perigord.fr\/2023\/wp-content\/uploads\/2024\/12\/Controles-et-analyses-4-2048x1364.jpg 2048w\" sizes=\"auto, (max-width: 300px) 100vw, 300px\" \/><\/a>\n\t\t\t<\/div><\/figure><figure class='gallery-item'>\n\t\t\t<div class='gallery-icon landscape'>\n\t\t\t\t<a href='https:\/\/www.lycee-sud-perigord.fr\/2023\/wp-content\/uploads\/2024\/12\/Conduite-de-production-2-scaled.jpg'><img loading=\"lazy\" decoding=\"async\" width=\"300\" height=\"200\" src=\"https:\/\/www.lycee-sud-perigord.fr\/2023\/wp-content\/uploads\/2024\/12\/Conduite-de-production-2-300x200.jpg\" class=\"attachment-medium size-medium\" alt=\"\" srcset=\"https:\/\/www.lycee-sud-perigord.fr\/2023\/wp-content\/uploads\/2024\/12\/Conduite-de-production-2-300x200.jpg 300w, https:\/\/www.lycee-sud-perigord.fr\/2023\/wp-content\/uploads\/2024\/12\/Conduite-de-production-2-1024x682.jpg 1024w, https:\/\/www.lycee-sud-perigord.fr\/2023\/wp-content\/uploads\/2024\/12\/Conduite-de-production-2-768x512.jpg 768w, https:\/\/www.lycee-sud-perigord.fr\/2023\/wp-content\/uploads\/2024\/12\/Conduite-de-production-2-1536x1023.jpg 1536w, https:\/\/www.lycee-sud-perigord.fr\/2023\/wp-content\/uploads\/2024\/12\/Conduite-de-production-2-2048x1364.jpg 2048w\" sizes=\"auto, (max-width: 300px) 100vw, 300px\" \/><\/a>\n\t\t\t<\/div><\/figure><figure class='gallery-item'>\n\t\t\t<div class='gallery-icon landscape'>\n\t\t\t\t<a href='https:\/\/www.lycee-sud-perigord.fr\/2023\/wp-content\/uploads\/2024\/12\/Production3-scaled.jpg'><img loading=\"lazy\" decoding=\"async\" width=\"300\" height=\"169\" src=\"https:\/\/www.lycee-sud-perigord.fr\/2023\/wp-content\/uploads\/2024\/12\/Production3-300x169.jpg\" class=\"attachment-medium size-medium\" alt=\"\" srcset=\"https:\/\/www.lycee-sud-perigord.fr\/2023\/wp-content\/uploads\/2024\/12\/Production3-300x169.jpg 300w, https:\/\/www.lycee-sud-perigord.fr\/2023\/wp-content\/uploads\/2024\/12\/Production3-1024x576.jpg 1024w, https:\/\/www.lycee-sud-perigord.fr\/2023\/wp-content\/uploads\/2024\/12\/Production3-768x432.jpg 768w, https:\/\/www.lycee-sud-perigord.fr\/2023\/wp-content\/uploads\/2024\/12\/Production3-1536x864.jpg 1536w, https:\/\/www.lycee-sud-perigord.fr\/2023\/wp-content\/uploads\/2024\/12\/Production3-2048x1152.jpg 2048w\" sizes=\"auto, (max-width: 300px) 100vw, 300px\" \/><\/a>\n\t\t\t<\/div><\/figure><figure class='gallery-item'>\n\t\t\t<div class='gallery-icon portrait'>\n\t\t\t\t<a href='https:\/\/www.lycee-sud-perigord.fr\/2023\/wp-content\/uploads\/2024\/12\/Production-2-scaled.jpg'><img loading=\"lazy\" decoding=\"async\" width=\"169\" height=\"300\" src=\"https:\/\/www.lycee-sud-perigord.fr\/2023\/wp-content\/uploads\/2024\/12\/Production-2-169x300.jpg\" class=\"attachment-medium size-medium\" alt=\"\" srcset=\"https:\/\/www.lycee-sud-perigord.fr\/2023\/wp-content\/uploads\/2024\/12\/Production-2-169x300.jpg 169w, https:\/\/www.lycee-sud-perigord.fr\/2023\/wp-content\/uploads\/2024\/12\/Production-2-576x1024.jpg 576w, https:\/\/www.lycee-sud-perigord.fr\/2023\/wp-content\/uploads\/2024\/12\/Production-2-768x1365.jpg 768w, https:\/\/www.lycee-sud-perigord.fr\/2023\/wp-content\/uploads\/2024\/12\/Production-2-864x1536.jpg 864w, https:\/\/www.lycee-sud-perigord.fr\/2023\/wp-content\/uploads\/2024\/12\/Production-2-1152x2048.jpg 1152w, https:\/\/www.lycee-sud-perigord.fr\/2023\/wp-content\/uploads\/2024\/12\/Production-2-scaled.jpg 1440w\" sizes=\"auto, (max-width: 169px) 100vw, 169px\" \/><\/a>\n\t\t\t<\/div><\/figure><figure class='gallery-item'>\n\t\t\t<div class='gallery-icon landscape'>\n\t\t\t\t<a href='https:\/\/www.lycee-sud-perigord.fr\/2023\/wp-content\/uploads\/2024\/12\/Controles-et-analyses-5-scaled.jpg'><img loading=\"lazy\" decoding=\"async\" width=\"300\" height=\"225\" src=\"https:\/\/www.lycee-sud-perigord.fr\/2023\/wp-content\/uploads\/2024\/12\/Controles-et-analyses-5-300x225.jpg\" class=\"attachment-medium size-medium\" alt=\"\" srcset=\"https:\/\/www.lycee-sud-perigord.fr\/2023\/wp-content\/uploads\/2024\/12\/Controles-et-analyses-5-300x225.jpg 300w, https:\/\/www.lycee-sud-perigord.fr\/2023\/wp-content\/uploads\/2024\/12\/Controles-et-analyses-5-1024x768.jpg 1024w, https:\/\/www.lycee-sud-perigord.fr\/2023\/wp-content\/uploads\/2024\/12\/Controles-et-analyses-5-768x576.jpg 768w, https:\/\/www.lycee-sud-perigord.fr\/2023\/wp-content\/uploads\/2024\/12\/Controles-et-analyses-5-1536x1152.jpg 1536w, https:\/\/www.lycee-sud-perigord.fr\/2023\/wp-content\/uploads\/2024\/12\/Controles-et-analyses-5-2048x1536.jpg 2048w\" sizes=\"auto, (max-width: 300px) 100vw, 300px\" \/><\/a>\n\t\t\t<\/div><\/figure>\n\t\t<\/div>\n\n<p><span style=\"font-family: 'Arial Narrow','sans-serif'; font-size: 10pt;\"><span style=\"color: #000000;\">.<\/span><\/span><\/p>\n<p>Ce dipl\u00f4m\u00e9 est un op\u00e9rateur de fabrication. Il travaille dans les entreprises chimiques mais aussi dans les industries qui utilisent des proc\u00e9d\u00e9s de production comparables : emballages, pharmaceutique, cosm\u00e9tique, agroalimentaire, production d&rsquo;\u00e9nergie, traitement des rejets, des d\u00e9chets, etc.<\/p>\n<p>Il conduit une unit\u00e9 de production ou une partie de cha\u00eene de production. Il v\u00e9rifie et pr\u00e9pare les installations. Il lance, surveille, arr\u00eate le proc\u00e9d\u00e9.<\/p>\n<p>Il contr\u00f4le la qualit\u00e9 des produits, effectue des pr\u00e9l\u00e8vements d&rsquo;\u00e9chantillons.<\/p>\n<p>\u00c0 partir des bulletins d&rsquo;analyse et des mesures, il rep\u00e8re les anomalies, \u00e9tablit un diagnostic puis intervient en cons\u00e9quence.<\/p>\n<p>Il ex\u00e9cute des op\u00e9rations de maintenance sur les appareillages ou met l&rsquo;installation en s\u00e9curit\u00e9 pour les interventions du service maintenance.<\/p>\n<p>Enfin, il veille au respect des r\u00e8gles de s\u00e9curit\u00e9 et de protection de l&rsquo;environnement.<\/p>\n<h4><\/h4>\n<ul>\n<li>\n<h3><strong>Baccalaur\u00e9at Professionnel Proc\u00e9d\u00e9s de la Chimie, de l\u2019Eau et des Papiers-Cartons : <a href=\"https:\/\/www.lycee-sud-perigord.fr\/2023\/wp-content\/uploads\/2024\/12\/PCEPC.pdf\">Bac Pro_PCEPC<\/a><\/strong><\/h3>\n<\/li>\n<\/ul>\n<p><span style=\"color: #00ff00;\"><strong><a style=\"color: #00ff00;\" href=\"https:\/\/www.onisep.fr\/ressources\/univers-formation\/Formations\/Lycees\/bac-pro-procedes-de-la-chimie-de-l-eau-et-des-papiers-cartons\">https:\/\/www.onisep.fr\/ressources\/univers-formation\/Formations\/Lycees\/bac-pro-procedes-de-la-chimie-de-l-eau-et-des-papiers-cartons<\/a><\/strong><\/span><\/p>\n<p><strong>Pour en savoir plus, vous pouvez consulter :<\/strong><\/p>\n<ul>\n<li>Le <a href=\"https:\/\/www.francechimie.fr\/\" target=\"_blank\" rel=\"noopener noreferrer\">site de France Chimie<\/a><\/li>\n<li>Le <a href=\"http:\/\/www.lesmetiersdelachimie.com\/\" target=\"_blank\" rel=\"noopener noreferrer\">site des M\u00e9tiers de la Chimie<\/a><\/li>\n<\/ul>","protected":false},"excerpt":{"rendered":"<p>\u00a0D\u00e9couvrez la formation PCEPC en vid\u00e9o ICI . Ce dipl\u00f4m\u00e9 est un op\u00e9rateur de fabrication. Il travaille dans les entreprises chimiques mais aussi dans les industries qui utilisent des proc\u00e9d\u00e9s de production comparables : emballages, pharmaceutique, cosm\u00e9tique, agroalimentaire, production d&rsquo;\u00e9nergie, traitement des rejets, des d\u00e9chets, etc. Il conduit une unit\u00e9 de production ou une partie [&hellip;]<\/p>\n","protected":false},"author":1,"featured_media":0,"parent":1050,"menu_order":0,"comment_status":"closed","ping_status":"closed","template":"","meta":{"_monsterinsights_skip_tracking":false,"_monsterinsights_sitenote_active":false,"_monsterinsights_sitenote_note":"","_monsterinsights_sitenote_category":0,"footnotes":""},"class_list":["post-1056","page","type-page","status-publish","hentry"],"aioseo_notices":[],"_links":{"self":[{"href":"https:\/\/www.lycee-sud-perigord.fr\/2023\/wp-json\/wp\/v2\/pages\/1056","targetHints":{"allow":["GET"]}}],"collection":[{"href":"https:\/\/www.lycee-sud-perigord.fr\/2023\/wp-json\/wp\/v2\/pages"}],"about":[{"href":"https:\/\/www.lycee-sud-perigord.fr\/2023\/wp-json\/wp\/v2\/types\/page"}],"author":[{"embeddable":true,"href":"https:\/\/www.lycee-sud-perigord.fr\/2023\/wp-json\/wp\/v2\/users\/1"}],"replies":[{"embeddable":true,"href":"https:\/\/www.lycee-sud-perigord.fr\/2023\/wp-json\/wp\/v2\/comments?post=1056"}],"version-history":[{"count":10,"href":"https:\/\/www.lycee-sud-perigord.fr\/2023\/wp-json\/wp\/v2\/pages\/1056\/revisions"}],"predecessor-version":[{"id":14370,"href":"https:\/\/www.lycee-sud-perigord.fr\/2023\/wp-json\/wp\/v2\/pages\/1056\/revisions\/14370"}],"up":[{"embeddable":true,"href":"https:\/\/www.lycee-sud-perigord.fr\/2023\/wp-json\/wp\/v2\/pages\/1050"}],"wp:attachment":[{"href":"https:\/\/www.lycee-sud-perigord.fr\/2023\/wp-json\/wp\/v2\/media?parent=1056"}],"curies":[{"name":"wp","href":"https:\/\/api.w.org\/{rel}","templated":true}]}}