{"id":1050,"date":"2017-03-26T19:49:46","date_gmt":"2017-03-26T17:49:46","guid":{"rendered":"http:\/\/www.lycee-sud-perigord.fr\/?page_id=1050"},"modified":"2024-12-16T10:19:23","modified_gmt":"2024-12-16T09:19:23","slug":"formations","status":"publish","type":"page","link":"https:\/\/www.lycee-sud-perigord.fr\/2023\/formations\/","title":{"rendered":"Formations"},"content":{"rendered":"\n<p class=\"has-text-align-center\">Le lyc\u00e9e des m\u00e9tiers Sud P\u00e9rigord propose des formations en CAP, Bac Pro et BTS ,<\/p>\n\n\n\n<p class=\"has-text-align-center\">dans les domaines industriels suivants&nbsp;:<\/p>\n\n\n\n<p class=\"has-text-align-center\"><a href=\"http:\/\/www.lycee-sud-perigord.fr\/formations\/filiere-chaudronnerie\/\">Chaudronnerie Industrielle<\/a><\/p>\n\n\n\n<p class=\"has-text-align-center\"><a href=\"http:\/\/www.lycee-sud-perigord.fr\/formations\/filiere-procedes-de-la-chimie\/\">G\u00e9nie des Proc\u00e9d\u00e9s de la Chimie<\/a><\/p>\n\n\n\n<p class=\"has-text-align-center\"><a href=\"http:\/\/www.lycee-sud-perigord.fr\/formations\/filiere-electrotechnique\/\">Electrotechnique<\/a><\/p>\n\n\n\n<p class=\"has-text-align-center\"><a href=\"http:\/\/www.lycee-sud-perigord.fr\/formations\/filiere-maintenance-des-materiels\/\">Maintenance des Mat\u00e9riels<\/a><\/p>\n\n\n\n<h2 class=\"wp-block-heading has-text-align-center\"><a href=\"https:\/\/www.lycee-sud-perigord.fr\/2023\/wp-content\/uploads\/2023\/06\/OFFRE-DE-FORMATION.pdf\">OFFRE DE FORMATION<\/a><\/h2>\n\n\n\n<p><\/p>\n\n\n\n<h2 class=\"wp-block-heading has-text-align-center\"><a href=\"https:\/\/www.youtube.com\/watch?v=3z3rYy8BU74\" target=\"_blank\" rel=\"noopener nofollow sponsored ugc\" title=\"\">D\u00e9couvrez le parcours de pr\u00e9sentation des formations en vid\u00e9o ICI<\/a><\/h2>\n\n\n\n<p>&nbsp;<\/p>\n","protected":false},"excerpt":{"rendered":"<p>Le lyc\u00e9e des m\u00e9tiers Sud P\u00e9rigord propose des formations en CAP, Bac Pro et BTS , dans les domaines industriels suivants&nbsp;: Chaudronnerie Industrielle G\u00e9nie des Proc\u00e9d\u00e9s de la Chimie Electrotechnique Maintenance des Mat\u00e9riels OFFRE DE FORMATION D\u00e9couvrez le parcours de pr\u00e9sentation des formations en vid\u00e9o ICI &nbsp;<\/p>\n","protected":false},"author":1,"featured_media":0,"parent":0,"menu_order":0,"comment_status":"closed","ping_status":"closed","template":"","meta":{"_monsterinsights_skip_tracking":false,"_monsterinsights_sitenote_active":false,"_monsterinsights_sitenote_note":"","_monsterinsights_sitenote_category":0,"footnotes":""},"class_list":["post-1050","page","type-page","status-publish","hentry"],"aioseo_notices":[],"_links":{"self":[{"href":"https:\/\/www.lycee-sud-perigord.fr\/2023\/wp-json\/wp\/v2\/pages\/1050","targetHints":{"allow":["GET"]}}],"collection":[{"href":"https:\/\/www.lycee-sud-perigord.fr\/2023\/wp-json\/wp\/v2\/pages"}],"about":[{"href":"https:\/\/www.lycee-sud-perigord.fr\/2023\/wp-json\/wp\/v2\/types\/page"}],"author":[{"embeddable":true,"href":"https:\/\/www.lycee-sud-perigord.fr\/2023\/wp-json\/wp\/v2\/users\/1"}],"replies":[{"embeddable":true,"href":"https:\/\/www.lycee-sud-perigord.fr\/2023\/wp-json\/wp\/v2\/comments?post=1050"}],"version-history":[{"count":11,"href":"https:\/\/www.lycee-sud-perigord.fr\/2023\/wp-json\/wp\/v2\/pages\/1050\/revisions"}],"predecessor-version":[{"id":14350,"href":"https:\/\/www.lycee-sud-perigord.fr\/2023\/wp-json\/wp\/v2\/pages\/1050\/revisions\/14350"}],"wp:attachment":[{"href":"https:\/\/www.lycee-sud-perigord.fr\/2023\/wp-json\/wp\/v2\/media?parent=1050"}],"curies":[{"name":"wp","href":"https:\/\/api.w.org\/{rel}","templated":true}]}}