{"id":1046,"date":"2017-03-26T19:48:18","date_gmt":"2017-03-26T17:48:18","guid":{"rendered":"http:\/\/www.lycee-sud-perigord.fr\/?page_id=1046"},"modified":"2017-03-26T19:48:18","modified_gmt":"2017-03-26T17:48:18","slug":"charte-et-engagements","status":"publish","type":"page","link":"https:\/\/www.lycee-sud-perigord.fr\/2023\/vie-lyceenne\/charte-et-engagements\/","title":{"rendered":"Charte et engagements"},"content":{"rendered":"<section class=\"wpb-content-wrapper\"><p>[vc_row][vc_column][vc_btn title=\u00a0\u00bbT\u00e9l\u00e9chargez le r\u00e9glement inte\u0301rieur du lyc\u00e9e\u00a0\u00bb i_icon_fontawesome=\u00a0\u00bbfa fa-cloud-download\u00a0\u00bb link=\u00a0\u00bburl:http%3A%2F%2Fwww.lycee-sud-perigord.fr%2Fwp-content%2Fuploads%2F2017%2F03%2FDoc-4-Reglement-inte%25CC%2581rieur.pdf||\u00a0\u00bb add_icon=\u00a0\u00bbtrue\u00a0\u00bb][\/vc_column][\/vc_row]<\/p>\n<\/section>","protected":false},"excerpt":{"rendered":"<p>[vc_row][vc_column][vc_btn title=\u00a0\u00bbT\u00e9l\u00e9chargez le r\u00e9glement inte\u0301rieur du lyc\u00e9e\u00a0\u00bb i_icon_fontawesome=\u00a0\u00bbfa fa-cloud-download\u00a0\u00bb link=\u00a0\u00bburl:http%3A%2F%2Fwww.lycee-sud-perigord.fr%2Fwp-content%2Fuploads%2F2017%2F03%2FDoc-4-Reglement-inte%25CC%2581rieur.pdf||\u00a0\u00bb add_icon=\u00a0\u00bbtrue\u00a0\u00bb][\/vc_column][\/vc_row]<\/p>\n","protected":false},"author":1,"featured_media":0,"parent":1038,"menu_order":0,"comment_status":"closed","ping_status":"closed","template":"","meta":{"_monsterinsights_skip_tracking":false,"_monsterinsights_sitenote_active":false,"_monsterinsights_sitenote_note":"","_monsterinsights_sitenote_category":0,"footnotes":""},"class_list":["post-1046","page","type-page","status-publish","hentry"],"aioseo_notices":[],"_links":{"self":[{"href":"https:\/\/www.lycee-sud-perigord.fr\/2023\/wp-json\/wp\/v2\/pages\/1046","targetHints":{"allow":["GET"]}}],"collection":[{"href":"https:\/\/www.lycee-sud-perigord.fr\/2023\/wp-json\/wp\/v2\/pages"}],"about":[{"href":"https:\/\/www.lycee-sud-perigord.fr\/2023\/wp-json\/wp\/v2\/types\/page"}],"author":[{"embeddable":true,"href":"https:\/\/www.lycee-sud-perigord.fr\/2023\/wp-json\/wp\/v2\/users\/1"}],"replies":[{"embeddable":true,"href":"https:\/\/www.lycee-sud-perigord.fr\/2023\/wp-json\/wp\/v2\/comments?post=1046"}],"version-history":[{"count":0,"href":"https:\/\/www.lycee-sud-perigord.fr\/2023\/wp-json\/wp\/v2\/pages\/1046\/revisions"}],"up":[{"embeddable":true,"href":"https:\/\/www.lycee-sud-perigord.fr\/2023\/wp-json\/wp\/v2\/pages\/1038"}],"wp:attachment":[{"href":"https:\/\/www.lycee-sud-perigord.fr\/2023\/wp-json\/wp\/v2\/media?parent=1046"}],"curies":[{"name":"wp","href":"https:\/\/api.w.org\/{rel}","templated":true}]}}