{"id":1044,"date":"2017-03-26T19:47:48","date_gmt":"2017-03-26T17:47:48","guid":{"rendered":"http:\/\/www.lycee-sud-perigord.fr\/?page_id=1044"},"modified":"2025-10-13T10:54:07","modified_gmt":"2025-10-13T08:54:07","slug":"unss-section-sportive","status":"publish","type":"page","link":"https:\/\/www.lycee-sud-perigord.fr\/2023\/vie-lyceenne\/unss-section-sportive\/","title":{"rendered":"EPS et UNSS"},"content":{"rendered":"<h2>\u00a0<\/h2>\n<h2><strong>Les enjeux du programme d&rsquo;Education Physique et Sportive au lyc\u00e9e professionnel<\/strong><\/h2>\n<p><strong>Proposer une EPS ouverte permettant l\u2019insertion professionnelle ou la<\/strong><br \/><strong>poursuite d\u2019\u00e9tudes<\/strong><\/p>\n<p>Le programme a \u00e9t\u00e9 con\u00e7u de mani\u00e8re \u00e0 proposer, au sein des \u00e9tablissements, une EPS qui pr\u00e9pare les \u00e9l\u00e8ves et les apprentis \u00e0 leur insertion professionnelle mais aussi \u00e0 la suite \u00e9ventuelle de leur cursus post lyc\u00e9e gr\u00e2ce \u00e0 la construction d\u2019habitudes de pratiques physiques p\u00e9rennes et raisonn\u00e9es, l\u2019appropriation d\u2019une culture sportive, l\u2019engagement dans le travail collaboratif et des collectifs vari\u00e9s, le d\u00e9veloppement de l\u2019oralit\u00e9, et l\u2019\u00e9ducation au choix. Autant d\u2019\u00e9l\u00e9ments qui permettent le d\u00e9veloppement de comp\u00e9tences que les \u00e9l\u00e8ves auront \u00e0 mobiliser apr\u00e8s le lyc\u00e9e.<\/p>\n<p><strong>Cas particulier des dispenses d&rsquo;EPS ponctuelles ou permanentes<\/strong><\/p>\n<p>En cas de dispense partielle ou d&rsquo;inaptitude totale, vous pouvez t\u00e9l\u00e9charger le certificat m\u00e9dical \u00e0 compl\u00e9ter par le m\u00e9decin\u00a0<strong> <a href=\"https:\/\/www.lycee-sud-perigord.fr\/2023\/wp-content\/uploads\/2025\/06\/eps-certificat-medical-academie-de-bordeaux-ipt-2024-15403.pdf\">ICI<\/a><\/strong><\/p>\n<p>L&rsquo;\u00e9l\u00e8ve inapte n&rsquo;est cependant pas dispens\u00e9 d&rsquo;assister au cours, il doit participer \u00e0 l&rsquo;organisation de l&rsquo;activit\u00e9 avec la classe.<\/p>\n<h2><strong>L\u2019 Union Nationale du Sport Scolaire\u00a0:<\/strong> <strong>une mission de service public<\/strong>.<\/h2>\n<p>L\u2019Union Nationale du Sport Scolaire (UNSS) est une f\u00e9d\u00e9ration multisports ouverte \u00e0 tous les jeunes coll\u00e9giens et lyc\u00e9ens scolaris\u00e9s.<br \/>Elle a pour objet \u00ab\u00a0d\u2019organiser et d\u00e9velopper la pratique d\u2019activit\u00e9s sportives, composantes de l\u2019\u00e9ducation physique et sportive, et l\u2019apprentissage de la vie associative par les \u00e9l\u00e8ves qui ont adh\u00e9r\u00e9 aux Associations Sportives du second degr\u00e9.\u00a0\u00bb (Article premier des Statuts de l\u2019UNSS).<\/p>\n<h3><strong>Se d\u00e9passer pour r\u00e9pondre \u00e0 ses ambitions.<\/strong><\/h3>\n<p>F\u00e9d\u00e9ration sportive scolaire au service des jeunes scolaris\u00e9s, elle ne vise qu\u2019un seul objectif\u00a0: amener \u00e0 la pratique sportive volontaire dans une gamme tr\u00e8s large d\u2019activit\u00e9s un maximum de jeunes.<br \/>Ses actions s\u2019organisent autour de 3 p\u00f4les\u00a0: promotion, comp\u00e9tition et formation. Mais elle est investie \u00e9galement d\u2019une mission de service public \u00e0 finalit\u00e9 \u00e9ducative et sociale\u00a0: l\u2019UNSS contribue en effet \u00e0 aider chaque \u00e9l\u00e8ve \u00e0 \u00e9laborer son projet personnel, \u00e0 lui permettre de vivre en harmonie avec l\u2019\u00e9cole et de s\u2019ins\u00e9rer dans le tissu social de la cit\u00e9.<br \/>Tr\u00e8s naturellement, la R\u00e9gion a choisi de soutenir l\u2019action de l\u2019UNSS r\u00e9gionale. Elle contribue notamment \u00e0 l\u2019organisation de rencontres et prend en charge les frais de d\u00e9placement lors des comp\u00e9titions sur le territoire r\u00e9gional et national\u2026<\/p>\n<p>Personnes \u00e0 contacter : M. WARIN Guillaume et\u00a0 M. GARNIER Pierrick<\/p>\n<h3 style=\"text-align: center;\">L&rsquo;UNSS se d\u00e9roule le <strong>mercredi apr\u00e8s midi \u00e0 partir 13h 30 jusqu&rsquo;\u00e0 16 h 30.<\/strong><\/h3>\n<p>Vous pouvez retrouver le calendrier des activit\u00e9s propos\u00e9es en cliquant <strong><a href=\"https:\/\/www.lycee-sud-perigord.fr\/2023\/wp-content\/uploads\/2025\/10\/Calendrier-UNSS.pdf\">ICI<\/a><\/strong><\/p>\n\n\n<p><\/p>\n","protected":false},"excerpt":{"rendered":"<p>\u00a0 Les enjeux du programme d&rsquo;Education Physique et Sportive au lyc\u00e9e professionnel Proposer une EPS ouverte permettant l\u2019insertion professionnelle ou lapoursuite d\u2019\u00e9tudes Le programme a \u00e9t\u00e9 con\u00e7u de mani\u00e8re \u00e0 proposer, au sein des \u00e9tablissements, une EPS qui pr\u00e9pare les \u00e9l\u00e8ves et les apprentis \u00e0 leur insertion professionnelle mais aussi \u00e0 la suite \u00e9ventuelle de [&hellip;]<\/p>\n","protected":false},"author":1,"featured_media":0,"parent":1038,"menu_order":0,"comment_status":"closed","ping_status":"closed","template":"","meta":{"_monsterinsights_skip_tracking":false,"_monsterinsights_sitenote_active":false,"_monsterinsights_sitenote_note":"","_monsterinsights_sitenote_category":0,"footnotes":""},"class_list":["post-1044","page","type-page","status-publish","hentry"],"aioseo_notices":[],"_links":{"self":[{"href":"https:\/\/www.lycee-sud-perigord.fr\/2023\/wp-json\/wp\/v2\/pages\/1044","targetHints":{"allow":["GET"]}}],"collection":[{"href":"https:\/\/www.lycee-sud-perigord.fr\/2023\/wp-json\/wp\/v2\/pages"}],"about":[{"href":"https:\/\/www.lycee-sud-perigord.fr\/2023\/wp-json\/wp\/v2\/types\/page"}],"author":[{"embeddable":true,"href":"https:\/\/www.lycee-sud-perigord.fr\/2023\/wp-json\/wp\/v2\/users\/1"}],"replies":[{"embeddable":true,"href":"https:\/\/www.lycee-sud-perigord.fr\/2023\/wp-json\/wp\/v2\/comments?post=1044"}],"version-history":[{"count":5,"href":"https:\/\/www.lycee-sud-perigord.fr\/2023\/wp-json\/wp\/v2\/pages\/1044\/revisions"}],"predecessor-version":[{"id":14489,"href":"https:\/\/www.lycee-sud-perigord.fr\/2023\/wp-json\/wp\/v2\/pages\/1044\/revisions\/14489"}],"up":[{"embeddable":true,"href":"https:\/\/www.lycee-sud-perigord.fr\/2023\/wp-json\/wp\/v2\/pages\/1038"}],"wp:attachment":[{"href":"https:\/\/www.lycee-sud-perigord.fr\/2023\/wp-json\/wp\/v2\/media?parent=1044"}],"curies":[{"name":"wp","href":"https:\/\/api.w.org\/{rel}","templated":true}]}}