{"id":1036,"date":"2017-03-26T19:44:31","date_gmt":"2017-03-26T17:44:31","guid":{"rendered":"http:\/\/www.lycee-sud-perigord.fr\/?page_id=1036"},"modified":"2017-03-26T19:44:31","modified_gmt":"2017-03-26T17:44:31","slug":"historique-du-lycee","status":"publish","type":"page","link":"https:\/\/www.lycee-sud-perigord.fr\/2023\/etablissement\/historique-du-lycee\/","title":{"rendered":"Historique du lyc\u00e9e"},"content":{"rendered":"<p>Le Lyc\u00e9e des M\u00e9tiers Sud P\u00e9rigord H\u00e9l\u00e8ne Duc est un \u00e9tablissement neuf (ouvert en septembre 2015).<\/p>\n<p>C\u2019est un \u00e9tablissement certifi\u00e9 HQE et \u00e0 \u00e9nergie positive, disposant d\u2019une approche bioclimatique permettant de minimiser de fa\u00e7on simple les consommations. Le Lyc\u00e9e b\u00e9n\u00e9ficie \u00e9galement d\u2018une approche environnementale int\u00e9gr\u00e9e afin d\u2019\u00eatre certifi\u00e9 HQE\u00a0avec une enveloppe tr\u00e8s performante. L\u2019\u00e9tablissement puise son \u00e9nergie par le biais d\u2019\u00e9quipements techniques performants que ce soit dans la terre et le soleil (\u00e9nergies renouvelables) ainsi que dans l\u2019eau de pluie.<\/p>\n<p>Le Lyc\u00e9e des M\u00e9tiers Sud P\u00e9rigord comprend un internat. Ses espaces de travail et ses espaces de vie clairs et modernes, ses ateliers dot\u00e9s d\u2019outils performants en font un \u00e9tablissement d\u2019enseignement professionnel de qualit\u00e9.<\/p>\n<p>Time lapse de la construction\u00a0:<br \/>\n<iframe loading=\"lazy\" src=\"https:\/\/www.youtube.com\/embed\/AP6WVHCgo9U\" width=\"560\" height=\"315\" frameborder=\"0\" allowfullscreen=\"allowfullscreen\"><\/iframe><\/p>\n<p>&nbsp;<\/p>\n<p>Publications sur l&rsquo;\u00e9tablissement :<\/p>\n\n<p>&nbsp;<\/p>\n<p>&nbsp;<\/p>\n","protected":false},"excerpt":{"rendered":"<p>Le Lyc\u00e9e des M\u00e9tiers Sud P\u00e9rigord H\u00e9l\u00e8ne Duc est un \u00e9tablissement neuf (ouvert en septembre 2015). C\u2019est un \u00e9tablissement certifi\u00e9 HQE et \u00e0 \u00e9nergie positive, disposant d\u2019une approche bioclimatique permettant de minimiser de fa\u00e7on simple les consommations. Le Lyc\u00e9e b\u00e9n\u00e9ficie \u00e9galement d\u2018une approche environnementale int\u00e9gr\u00e9e afin d\u2019\u00eatre certifi\u00e9 HQE\u00a0avec une enveloppe tr\u00e8s performante. L\u2019\u00e9tablissement puise [&hellip;]<\/p>\n","protected":false},"author":1,"featured_media":0,"parent":1024,"menu_order":0,"comment_status":"closed","ping_status":"closed","template":"","meta":{"_monsterinsights_skip_tracking":false,"_monsterinsights_sitenote_active":false,"_monsterinsights_sitenote_note":"","_monsterinsights_sitenote_category":0,"footnotes":""},"class_list":["post-1036","page","type-page","status-publish","hentry"],"aioseo_notices":[],"_links":{"self":[{"href":"https:\/\/www.lycee-sud-perigord.fr\/2023\/wp-json\/wp\/v2\/pages\/1036","targetHints":{"allow":["GET"]}}],"collection":[{"href":"https:\/\/www.lycee-sud-perigord.fr\/2023\/wp-json\/wp\/v2\/pages"}],"about":[{"href":"https:\/\/www.lycee-sud-perigord.fr\/2023\/wp-json\/wp\/v2\/types\/page"}],"author":[{"embeddable":true,"href":"https:\/\/www.lycee-sud-perigord.fr\/2023\/wp-json\/wp\/v2\/users\/1"}],"replies":[{"embeddable":true,"href":"https:\/\/www.lycee-sud-perigord.fr\/2023\/wp-json\/wp\/v2\/comments?post=1036"}],"version-history":[{"count":0,"href":"https:\/\/www.lycee-sud-perigord.fr\/2023\/wp-json\/wp\/v2\/pages\/1036\/revisions"}],"up":[{"embeddable":true,"href":"https:\/\/www.lycee-sud-perigord.fr\/2023\/wp-json\/wp\/v2\/pages\/1024"}],"wp:attachment":[{"href":"https:\/\/www.lycee-sud-perigord.fr\/2023\/wp-json\/wp\/v2\/media?parent=1036"}],"curies":[{"name":"wp","href":"https:\/\/api.w.org\/{rel}","templated":true}]}}