{"id":1034,"date":"2017-03-26T19:43:52","date_gmt":"2017-03-26T17:43:52","guid":{"rendered":"http:\/\/www.lycee-sud-perigord.fr\/?page_id=1034"},"modified":"2024-10-04T09:56:25","modified_gmt":"2024-10-04T07:56:25","slug":"service-de-gestion","status":"publish","type":"page","link":"https:\/\/www.lycee-sud-perigord.fr\/2023\/etablissement\/service-de-gestion\/","title":{"rendered":"Service de gestion"},"content":{"rendered":"<p><strong>Pr\u00e9sentation du service gestion<\/strong>\u00a0:<\/p>\n<p>Mr TAMARII Henui, secr\u00e9taire g\u00e9n\u00e9ral<\/p>\n<p>Mme OROSCO Aline, assistante de gestion<\/p>\n<p><strong>Mission du service<\/strong>\u00a0:<\/p>\n<p>_ Gestion de la demi-pension et internat<br \/>_ Facturation<br \/>_ Bourses<br \/>_ Fond social<br \/>_ S\u00e9curit\u00e9 et maintenance<br \/>_ Achats et march\u00e9s publics<br \/>_ Ressources Humaines<\/p>\n\n\n<p>Vous pouvez contacter le service de gestion par mail : <strong>secgestion.0240006b@ac-bordeaux.fr<\/strong><\/p>\n\n\n\n<p><\/p>\n","protected":false},"excerpt":{"rendered":"<p>Pr\u00e9sentation du service gestion\u00a0: Mr TAMARII Henui, secr\u00e9taire g\u00e9n\u00e9ral Mme OROSCO Aline, assistante de gestion Mission du service\u00a0: _ Gestion de la demi-pension et internat_ Facturation_ Bourses_ Fond social_ S\u00e9curit\u00e9 et maintenance_ Achats et march\u00e9s publics_ Ressources Humaines Vous pouvez contacter le service de gestion par mail : secgestion.0240006b@ac-bordeaux.fr<\/p>\n","protected":false},"author":1,"featured_media":0,"parent":1024,"menu_order":0,"comment_status":"closed","ping_status":"closed","template":"","meta":{"_monsterinsights_skip_tracking":false,"_monsterinsights_sitenote_active":false,"_monsterinsights_sitenote_note":"","_monsterinsights_sitenote_category":0,"footnotes":""},"class_list":["post-1034","page","type-page","status-publish","hentry"],"aioseo_notices":[],"_links":{"self":[{"href":"https:\/\/www.lycee-sud-perigord.fr\/2023\/wp-json\/wp\/v2\/pages\/1034","targetHints":{"allow":["GET"]}}],"collection":[{"href":"https:\/\/www.lycee-sud-perigord.fr\/2023\/wp-json\/wp\/v2\/pages"}],"about":[{"href":"https:\/\/www.lycee-sud-perigord.fr\/2023\/wp-json\/wp\/v2\/types\/page"}],"author":[{"embeddable":true,"href":"https:\/\/www.lycee-sud-perigord.fr\/2023\/wp-json\/wp\/v2\/users\/1"}],"replies":[{"embeddable":true,"href":"https:\/\/www.lycee-sud-perigord.fr\/2023\/wp-json\/wp\/v2\/comments?post=1034"}],"version-history":[{"count":5,"href":"https:\/\/www.lycee-sud-perigord.fr\/2023\/wp-json\/wp\/v2\/pages\/1034\/revisions"}],"predecessor-version":[{"id":14208,"href":"https:\/\/www.lycee-sud-perigord.fr\/2023\/wp-json\/wp\/v2\/pages\/1034\/revisions\/14208"}],"up":[{"embeddable":true,"href":"https:\/\/www.lycee-sud-perigord.fr\/2023\/wp-json\/wp\/v2\/pages\/1024"}],"wp:attachment":[{"href":"https:\/\/www.lycee-sud-perigord.fr\/2023\/wp-json\/wp\/v2\/media?parent=1034"}],"curies":[{"name":"wp","href":"https:\/\/api.w.org\/{rel}","templated":true}]}}