{"id":1032,"date":"2017-03-26T19:43:10","date_gmt":"2017-03-26T17:43:10","guid":{"rendered":"http:\/\/www.lycee-sud-perigord.fr\/?page_id=1032"},"modified":"2025-09-08T14:50:16","modified_gmt":"2025-09-08T12:50:16","slug":"pole-medico-social","status":"publish","type":"page","link":"https:\/\/www.lycee-sud-perigord.fr\/2023\/etablissement\/pole-medico-social\/","title":{"rendered":"P\u00f4le m\u00e9dico social"},"content":{"rendered":"<p class=\"p1\"><span class=\"s1\"><b>P\u00f4le m\u00e9dico-social <\/b><\/span><\/p>\n<p class=\"p3\"><span class=\"s2\">\u2666 Mme Carole LAMBERT,\u00a0 <b>Conseill\u00e8re d&rsquo;Orientation Psychologue,<\/b> re\u00e7oit au lyc\u00e9e les \u00e9l\u00e8ves et (ou) les familles, \u00e0 leur demande le mercredi<\/span><\/p>\n<p class=\"p3\"><span class=\"s2\">Prendre rendez vous\u00a0au bureau de\u00a0la vie scolaire et aupr\u00e8s de la CPE.<\/span><\/p>\n<p class=\"p3\"><span class=\"s2\">\u2666 Mme PEYROT B\u00e9n\u00e9dicte,<b> infirmi\u00e8re,<\/b> est pr\u00e9sente dans l\u2019\u00e9tablissement les lundis, mardis, jeudis et vendredis.<br \/>\n<\/span><\/p>\n<p class=\"p3\"><span class=\"s2\">\u2666 Mme HUMARIAN Laetitia, <b>Assistante Sociale<\/b><\/span>, plac\u00e9e sous l&rsquo;autorit\u00e9 de la Direction des services d\u00e9partementaux de l\u2019\u00c9ducation nationale, elle a pour mission :<\/p>\n<p class=\"p3\" style=\"padding-left: 30px;\">&#8211; L&rsquo;adaptation et l&rsquo;int\u00e9gration scolaire<br \/>\n&#8211; La lutte contre les in\u00e9galit\u00e9s<br \/>\n&#8211; La lutte contre l&rsquo;absent\u00e9isme scolaire<br \/>\n&#8211; La protection de l&rsquo;enfance<\/p>\n<p>Elle fait partie de l&rsquo;\u00e9quipe \u00e9ducative et travaille en partenariat avec les services du Conseil G\u00e9n\u00e9ral, municipaux, judiciaires et des associations agr\u00e9\u00e9es.<\/p>\n<p>A l&rsquo;\u00e9coute des \u00e9l\u00e8ves et de leur famille, elle est tenue au secret professionnel.<\/p>\n<p><strong>Permanences au lyc\u00e9e : le lundi de 9 h 00 \u00e0 16 h 00<\/strong><\/p>\n","protected":false},"excerpt":{"rendered":"<p>P\u00f4le m\u00e9dico-social \u2666 Mme Carole LAMBERT,\u00a0 Conseill\u00e8re d&rsquo;Orientation Psychologue, re\u00e7oit au lyc\u00e9e les \u00e9l\u00e8ves et (ou) les familles, \u00e0 leur demande le mercredi Prendre rendez vous\u00a0au bureau de\u00a0la vie scolaire et aupr\u00e8s de la CPE. \u2666 Mme PEYROT B\u00e9n\u00e9dicte, infirmi\u00e8re, est pr\u00e9sente dans l\u2019\u00e9tablissement les lundis, mardis, jeudis et vendredis. \u2666 Mme HUMARIAN Laetitia, Assistante [&hellip;]<\/p>\n","protected":false},"author":1,"featured_media":0,"parent":1024,"menu_order":0,"comment_status":"closed","ping_status":"closed","template":"","meta":{"_monsterinsights_skip_tracking":false,"_monsterinsights_sitenote_active":false,"_monsterinsights_sitenote_note":"","_monsterinsights_sitenote_category":0,"footnotes":""},"class_list":["post-1032","page","type-page","status-publish","hentry"],"aioseo_notices":[],"_links":{"self":[{"href":"https:\/\/www.lycee-sud-perigord.fr\/2023\/wp-json\/wp\/v2\/pages\/1032","targetHints":{"allow":["GET"]}}],"collection":[{"href":"https:\/\/www.lycee-sud-perigord.fr\/2023\/wp-json\/wp\/v2\/pages"}],"about":[{"href":"https:\/\/www.lycee-sud-perigord.fr\/2023\/wp-json\/wp\/v2\/types\/page"}],"author":[{"embeddable":true,"href":"https:\/\/www.lycee-sud-perigord.fr\/2023\/wp-json\/wp\/v2\/users\/1"}],"replies":[{"embeddable":true,"href":"https:\/\/www.lycee-sud-perigord.fr\/2023\/wp-json\/wp\/v2\/comments?post=1032"}],"version-history":[{"count":4,"href":"https:\/\/www.lycee-sud-perigord.fr\/2023\/wp-json\/wp\/v2\/pages\/1032\/revisions"}],"predecessor-version":[{"id":14485,"href":"https:\/\/www.lycee-sud-perigord.fr\/2023\/wp-json\/wp\/v2\/pages\/1032\/revisions\/14485"}],"up":[{"embeddable":true,"href":"https:\/\/www.lycee-sud-perigord.fr\/2023\/wp-json\/wp\/v2\/pages\/1024"}],"wp:attachment":[{"href":"https:\/\/www.lycee-sud-perigord.fr\/2023\/wp-json\/wp\/v2\/media?parent=1032"}],"curies":[{"name":"wp","href":"https:\/\/api.w.org\/{rel}","templated":true}]}}