{"id":1030,"date":"2017-03-26T19:42:42","date_gmt":"2017-03-26T17:42:42","guid":{"rendered":"http:\/\/www.lycee-sud-perigord.fr\/?page_id=1030"},"modified":"2023-09-11T15:39:45","modified_gmt":"2023-09-11T13:39:45","slug":"vie-scolaire","status":"publish","type":"page","link":"https:\/\/www.lycee-sud-perigord.fr\/2023\/etablissement\/vie-scolaire\/","title":{"rendered":"Vie scolaire"},"content":{"rendered":"<p class=\"p1\"><span class=\"s1\"><b>Actions prioritaires\u00a0: lutter contre l\u2019absent\u00e9isme, \u00e9viter le d\u00e9crochage et accompagner les projets p\u00e9dagogiques et \u00e9ducatifs<\/b><\/span><\/p>\n<p class=\"p2\"><span class=\"s1\">****************<\/span><\/p>\n<p class=\"p3\"><span class=\"s1\">Le service vie scolaire est d\u2019abord un lieu d\u2019information et de conseil pour les \u00e9l\u00e8ves.<\/span><\/p>\n<p class=\"p3\"><span class=\"s1\">La vie scolaire a des missions propres d\u2019encadrement et de suivi des \u00e9l\u00e8ves hors du temps de cours.<\/span><\/p>\n<p class=\"p3\"><span class=\"s1\">Le responsable l\u00e9gal doit informer au plus t\u00f4t<span class=\"Apple-converted-space\">\u00a0 <\/span>la vie scolaire du retard ou de l&rsquo;absence de l\u2019\u00e9l\u00e8ve.<span class=\"Apple-converted-space\">\u00a0 <\/span>A noter que les absences sont \u00e0 justifier <b>par \u00e9crit<\/b> d\u00e8s le retour de l\u2019\u00e9l\u00e8ve aupr\u00e8s de la vie scolaire ou le cas \u00e9ch\u00e9ant, aupr\u00e8s de la CPE (Conseill\u00e8re principale d\u2019\u00e9ducation).<\/span><\/p>\n<p class=\"p3\"><span class=\"s1\">Mais la vie scolaire intervient \u00e9galement dans de\u00a0nombreuses actions et projets en collaboration avec l\u2019ensemble des membres de la communaut\u00e9 \u00e9ducative.<\/span><\/p>\n<p class=\"p4\"><span class=\"s1\">\u00ab\u00a0<b>Placer les adolescents dans les meilleures conditions de vie individuelle et d\u2019\u00e9panouissement personnel <\/b>\u00a0\u00bb<\/span><\/p>\n<p class=\"p4\"><span class=\"s1\"><b>Missions de la vie scolaire<\/b><\/span><b><\/b><span class=\"s1\"><b><br \/>\n<\/b><\/span><span class=\"s1\">_ Contr\u00f4ler les effectifs<br \/>\n<\/span><span class=\"s1\">_ L&rsquo;exactitude et l&rsquo;assiduit\u00e9 des \u00e9l\u00e8ves<br \/>\n<\/span><span class=\"s1\">_ Assurer la s\u00e9curit\u00e9 des \u00e9l\u00e8ves<br \/>\n<\/span><span class=\"s1\">_ G\u00e9rer<span class=\"Apple-converted-space\">\u00a0 <\/span>les punitions<br \/>\n<\/span><span class=\"s1\">_ Placer les \u00e9l\u00e8ves dans des conditions de travail pendant les rattrapages de devoirs et de soutien<br \/>\n<\/span><span class=\"s1\">_ Participer et collaborer au sorties scolaires <\/span><\/p>\n<p class=\"p3\"><strong><span class=\"s1\">L\u2019\u00e9quipe de la vie scolaire se compose de\u00a0:<br \/>\n<\/span><\/strong><\/p>\n<p><span class=\"s1\">Mme LE NAOUR Sarah\u00a0: CPE (Conseill\u00e8re principale d\u2019\u00e9ducation)<\/span><br \/>\n<span class=\"s1\">Mme DUMORTIER Pauline : AED (Assistante d&rsquo;\u00e9ducation)<\/span><br \/>\nMme RAT Anna\u00eblle: AED<br \/>\nMme BOUFFARD H\u00e9l\u00e8ne : AED<br \/>\nMr DUBOST Etienne: AED<br \/>\nMr VIALE K\u00e9vin: AED<br \/>\nMr FIGUEIREDO GONCALVES Edouardo : AED<\/p>\n","protected":false},"excerpt":{"rendered":"<p>Actions prioritaires\u00a0: lutter contre l\u2019absent\u00e9isme, \u00e9viter le d\u00e9crochage et accompagner les projets p\u00e9dagogiques et \u00e9ducatifs **************** Le service vie scolaire est d\u2019abord un lieu d\u2019information et de conseil pour les \u00e9l\u00e8ves. La vie scolaire a des missions propres d\u2019encadrement et de suivi des \u00e9l\u00e8ves hors du temps de cours. Le responsable l\u00e9gal doit informer au [&hellip;]<\/p>\n","protected":false},"author":1,"featured_media":0,"parent":1024,"menu_order":0,"comment_status":"closed","ping_status":"closed","template":"","meta":{"_monsterinsights_skip_tracking":false,"_monsterinsights_sitenote_active":false,"_monsterinsights_sitenote_note":"","_monsterinsights_sitenote_category":0,"footnotes":""},"class_list":["post-1030","page","type-page","status-publish","hentry"],"aioseo_notices":[],"_links":{"self":[{"href":"https:\/\/www.lycee-sud-perigord.fr\/2023\/wp-json\/wp\/v2\/pages\/1030","targetHints":{"allow":["GET"]}}],"collection":[{"href":"https:\/\/www.lycee-sud-perigord.fr\/2023\/wp-json\/wp\/v2\/pages"}],"about":[{"href":"https:\/\/www.lycee-sud-perigord.fr\/2023\/wp-json\/wp\/v2\/types\/page"}],"author":[{"embeddable":true,"href":"https:\/\/www.lycee-sud-perigord.fr\/2023\/wp-json\/wp\/v2\/users\/1"}],"replies":[{"embeddable":true,"href":"https:\/\/www.lycee-sud-perigord.fr\/2023\/wp-json\/wp\/v2\/comments?post=1030"}],"version-history":[{"count":2,"href":"https:\/\/www.lycee-sud-perigord.fr\/2023\/wp-json\/wp\/v2\/pages\/1030\/revisions"}],"predecessor-version":[{"id":13789,"href":"https:\/\/www.lycee-sud-perigord.fr\/2023\/wp-json\/wp\/v2\/pages\/1030\/revisions\/13789"}],"up":[{"embeddable":true,"href":"https:\/\/www.lycee-sud-perigord.fr\/2023\/wp-json\/wp\/v2\/pages\/1024"}],"wp:attachment":[{"href":"https:\/\/www.lycee-sud-perigord.fr\/2023\/wp-json\/wp\/v2\/media?parent=1030"}],"curies":[{"name":"wp","href":"https:\/\/api.w.org\/{rel}","templated":true}]}}