{"id":1001,"date":"2017-02-10T19:51:23","date_gmt":"2017-02-10T18:51:23","guid":{"rendered":"http:\/\/www.lycee-sud-perigord.fr\/?page_id=1001"},"modified":"2024-10-02T16:10:34","modified_gmt":"2024-10-02T14:10:34","slug":"mot-du-proviseur","status":"publish","type":"page","link":"https:\/\/www.lycee-sud-perigord.fr\/2023\/etablissement\/mot-du-proviseur\/","title":{"rendered":"Mot du Proviseur"},"content":{"rendered":"<p>Madame, Monsieur,<\/p>\n<p>Je vous souhaite la bienvenue sur le site du Lyc\u00e9e des M\u00e9tiers Sud P\u00e9rigord H\u00e9l\u00e8ne Duc de Bergerac.<\/p>\n<p>Notre \u00e9tablissement se donne pour mission d\u2019accompagner chaque \u00e9l\u00e8ve dans son parcours personnel et professionnel, en s\u2019appuyant sur quatre axes essentiels qui guident notre projet d\u2019\u00e9tablissement :<\/p>\n<p>&#8211; \u00c9manciper : Nous croyons en la capacit\u00e9 de chacun \u00e0 se r\u00e9aliser, \u00e0 d\u00e9velopper son esprit critique et \u00e0 acqu\u00e9rir l\u2019autonomie n\u00e9cessaire pour devenir acteur de son avenir. L\u2019\u00e9mancipation intellectuelle, professionnelle et citoyenne est au c\u0153ur de notre mission.<\/p>\n<p>&#8211; Rassurer : \u00c0 travers un cadre bienveillant et structur\u00e9, nous mettons tout en \u0153uvre pour offrir \u00e0 nos \u00e9l\u00e8ves un environnement stable, propice \u00e0 la concentration, \u00e0 la s\u00e9r\u00e9nit\u00e9 et \u00e0 la r\u00e9ussite. La confiance en soi est un \u00e9l\u00e9ment cl\u00e9 pour surmonter les d\u00e9fis et aborder l\u2019avenir avec assurance.<\/p>\n<p>&#8211; Accompagner : Nous accordons une attention particuli\u00e8re \u00e0 l\u2019accompagnement de chacun, qu\u2019il s\u2019agisse d\u2019un soutien p\u00e9dagogique individualis\u00e9, de l\u2019\u00e9coute, ou d\u2019un suivi renforc\u00e9 pour les \u00e9l\u00e8ves en difficult\u00e9. Nos \u00e9quipes \u00e9ducatives et p\u00e9dagogiques travaillent main dans la main pour permettre \u00e0 chaque \u00e9l\u00e8ve de progresser et de trouver sa voie.<\/p>\n<p>&#8211; Nourrir la vie professionnelle et la dimension citoyenne : Le lyc\u00e9e des M\u00e9tiers Sud P\u00e9rigord est un lieu o\u00f9 l\u2019on pr\u00e9pare activement \u00e0 l\u2019avenir professionnel, tout en d\u00e9veloppant un esprit citoyen. Nous favorisons la mise en lien avec les entreprises, les stages, l\u2019alternance, tout en encourageant la participation aux projets solidaires, environnementaux, et aux initiatives locales. La dimension citoyenne s\u2019exprime ici dans les actes quotidiens, les engagements collectifs et les projets collaboratifs.<\/p>\n<p>Ces quatre axes structurent l\u2019ensemble de nos actions et de nos pratiques. Notre objectif est de permettre \u00e0 chaque jeune de trouver sa place dans la soci\u00e9t\u00e9, de s\u2019\u00e9panouir, et de r\u00e9ussir dans le domaine qui lui correspond.<\/p>\n<p>En parcourant ce site, vous d\u00e9couvrirez la richesse et la diversit\u00e9 de notre offre de formation, nos partenariats avec le monde professionnel, ainsi que les multiples projets qui rythment la vie du lyc\u00e9e. Nous vous invitons \u00e9galement \u00e0 consulter notre plateforme d\u00e9di\u00e9e \u00e0 l&rsquo;UNSS, \u00e0 l&rsquo;internat d&rsquo;excellence, \u00e0 l&rsquo;International ERASMUS+, aux initiatives citoyennes et \u00e9co-responsables, qui refl\u00e8te notre engagement pour une soci\u00e9t\u00e9 plus juste et durable.<\/p>\n<p>L\u2019ensemble de la communaut\u00e9 \u00e9ducative du Lyc\u00e9e des M\u00e9tiers Sud P\u00e9rigord H\u00e9l\u00e8ne Duc se tient \u00e0 votre disposition pour vous accompagner dans ce beau chemin d\u2019apprentissage et de construction personnelle.<\/p>\n<p>Je vous souhaite une excellente visite.<\/p>\n<p>Arnaud Carton,<br \/>\nProviseur<\/p>\n","protected":false},"excerpt":{"rendered":"<p>Madame, Monsieur, Je vous souhaite la bienvenue sur le site du Lyc\u00e9e des M\u00e9tiers Sud P\u00e9rigord H\u00e9l\u00e8ne Duc de Bergerac. Notre \u00e9tablissement se donne pour mission d\u2019accompagner chaque \u00e9l\u00e8ve dans son parcours personnel et professionnel, en s\u2019appuyant sur quatre axes essentiels qui guident notre projet d\u2019\u00e9tablissement : &#8211; \u00c9manciper : Nous croyons en la capacit\u00e9 [&hellip;]<\/p>\n","protected":false},"author":1,"featured_media":0,"parent":1024,"menu_order":0,"comment_status":"closed","ping_status":"closed","template":"","meta":{"_monsterinsights_skip_tracking":false,"_monsterinsights_sitenote_active":false,"_monsterinsights_sitenote_note":"","_monsterinsights_sitenote_category":0,"footnotes":""},"class_list":["post-1001","page","type-page","status-publish","hentry"],"aioseo_notices":[],"_links":{"self":[{"href":"https:\/\/www.lycee-sud-perigord.fr\/2023\/wp-json\/wp\/v2\/pages\/1001","targetHints":{"allow":["GET"]}}],"collection":[{"href":"https:\/\/www.lycee-sud-perigord.fr\/2023\/wp-json\/wp\/v2\/pages"}],"about":[{"href":"https:\/\/www.lycee-sud-perigord.fr\/2023\/wp-json\/wp\/v2\/types\/page"}],"author":[{"embeddable":true,"href":"https:\/\/www.lycee-sud-perigord.fr\/2023\/wp-json\/wp\/v2\/users\/1"}],"replies":[{"embeddable":true,"href":"https:\/\/www.lycee-sud-perigord.fr\/2023\/wp-json\/wp\/v2\/comments?post=1001"}],"version-history":[{"count":2,"href":"https:\/\/www.lycee-sud-perigord.fr\/2023\/wp-json\/wp\/v2\/pages\/1001\/revisions"}],"predecessor-version":[{"id":14141,"href":"https:\/\/www.lycee-sud-perigord.fr\/2023\/wp-json\/wp\/v2\/pages\/1001\/revisions\/14141"}],"up":[{"embeddable":true,"href":"https:\/\/www.lycee-sud-perigord.fr\/2023\/wp-json\/wp\/v2\/pages\/1024"}],"wp:attachment":[{"href":"https:\/\/www.lycee-sud-perigord.fr\/2023\/wp-json\/wp\/v2\/media?parent=1001"}],"curies":[{"name":"wp","href":"https:\/\/api.w.org\/{rel}","templated":true}]}}